{"id":68252,"date":"2024-11-10T13:34:47","date_gmt":"2024-11-10T12:34:47","guid":{"rendered":"https:\/\/razdwatrzyrytmika.pl\/?post_type=product&#038;p=68252"},"modified":"2025-03-17T17:38:24","modified_gmt":"2025-03-17T16:38:24","slug":"pakiet-moj-mis-2","status":"publish","type":"product","link":"https:\/\/razdwatrzyrytmika.pl\/en\/product\/pakiet-moj-mis-2\/","title":{"rendered":"Pakiet \u201eM\u00f3j Mi\u015b"},"content":{"rendered":"","protected":false},"excerpt":{"rendered":"<p>Utw\u00f3r w wersji wokalnej.<br \/>\nUtw\u00f3r w wersji instrumentalnej (bez linii melodycznej) oraz Tekst<\/p>\n<div class=\"wp-playlist wp-audio-playlist wp-playlist-light\">\n<div class=\"wp-playlist-current-item\"><\/div>\n<p>\t\t<audio controls=\"controls\" preload=\"none\" width=\"1118\"\n\t\t\t><\/audio><\/p>\n<div class=\"wp-playlist-next\"><\/div>\n<div class=\"wp-playlist-prev\"><\/div>\n<p>\t<noscript><\/p>\n<ol>\n<li><a href='https:\/\/razdwatrzyrytmika.pl\/wp-content\/uploads\/2022\/11\/Moj-Mis-podklad-mp3cut.net_.mp3'>moj mi\u015b_3<\/a><\/li>\n<li><a href='https:\/\/razdwatrzyrytmika.pl\/wp-content\/uploads\/2022\/11\/moj-mis_2-mp3cut.net_.mp3'>moj mi\u015b_2<\/a><\/li>\n<\/ol>\n<p>\t<\/noscript><br \/>\n\t<script type=\"application\/json\" class=\"wp-playlist-script\">{\"type\":\"audio\",\"tracklist\":true,\"tracknumbers\":true,\"images\":true,\"artists\":true,\"tracks\":[{\"src\":\"https:\/\/razdwatrzyrytmika.pl\/wp-content\/uploads\/2022\/11\/Moj-Mis-podklad-mp3cut.net_.mp3\",\"type\":\"audio\/mpeg\",\"title\":\"moj mi\\u015b_3\",\"caption\":\"\",\"description\":\"\\\"moj mi\\u015b_3\\\". Rok wydania: 2021. \\u015acie\\u017cka 1.\",\"meta\":{\"year\":\"2021\",\"length_formatted\":\"0:15\"},\"image\":{\"src\":\"https:\/\/razdwatrzyrytmika.pl\/wp-includes\/images\/media\/audio.svg\",\"width\":48,\"height\":64},\"thumb\":{\"src\":\"https:\/\/razdwatrzyrytmika.pl\/wp-includes\/images\/media\/audio.svg\",\"width\":48,\"height\":64}},{\"src\":\"https:\/\/razdwatrzyrytmika.pl\/wp-content\/uploads\/2022\/11\/moj-mis_2-mp3cut.net_.mp3\",\"type\":\"audio\/mpeg\",\"title\":\"moj mi\\u015b_2\",\"caption\":\"\",\"description\":\"\\\"moj mi\\u015b_2\\\". Rok wydania: 2021. \\u015acie\\u017cka 1.\",\"meta\":{\"year\":\"2021\",\"length_formatted\":\"0:12\"},\"image\":{\"src\":\"https:\/\/razdwatrzyrytmika.pl\/wp-includes\/images\/media\/audio.svg\",\"width\":48,\"height\":64},\"thumb\":{\"src\":\"https:\/\/razdwatrzyrytmika.pl\/wp-includes\/images\/media\/audio.svg\",\"width\":48,\"height\":64}}]}<\/script>\n<\/div>\n","protected":false},"featured_media":14261,"template":"","meta":[],"product_brand":[],"product_cat":[88,16],"product_tag":[],"class_list":{"0":"post-68252","1":"product","2":"type-product","3":"status-publish","4":"has-post-thumbnail","6":"product_cat-dzien-misia","7":"product_cat-uncategorized","8":"entry-post-skin-light","9":"entry","10":"clearfix","11":"entry-grid","12":"entry-columns-3","13":"entry-product-module-layout-sidebar-left","14":"thumbnail-color-tone-dark","15":"entry-product","17":"entry-product-grid","19":"first","20":"instock","21":"downloadable","22":"virtual","23":"taxable","24":"purchasable","25":"product-type-simple"},"_links":{"self":[{"href":"https:\/\/razdwatrzyrytmika.pl\/en\/wp-json\/wp\/v2\/product\/68252","targetHints":{"allow":["GET"]}}],"collection":[{"href":"https:\/\/razdwatrzyrytmika.pl\/en\/wp-json\/wp\/v2\/product"}],"about":[{"href":"https:\/\/razdwatrzyrytmika.pl\/en\/wp-json\/wp\/v2\/types\/product"}],"version-history":[{"count":0,"href":"https:\/\/razdwatrzyrytmika.pl\/en\/wp-json\/wp\/v2\/product\/68252\/revisions"}],"wp:featuredmedia":[{"embeddable":true,"href":"https:\/\/razdwatrzyrytmika.pl\/en\/wp-json\/wp\/v2\/media\/14261"}],"wp:attachment":[{"href":"https:\/\/razdwatrzyrytmika.pl\/en\/wp-json\/wp\/v2\/media?parent=68252"}],"wp:term":[{"taxonomy":"product_brand","embeddable":true,"href":"https:\/\/razdwatrzyrytmika.pl\/en\/wp-json\/wp\/v2\/product_brand?post=68252"},{"taxonomy":"product_cat","embeddable":true,"href":"https:\/\/razdwatrzyrytmika.pl\/en\/wp-json\/wp\/v2\/product_cat?post=68252"},{"taxonomy":"product_tag","embeddable":true,"href":"https:\/\/razdwatrzyrytmika.pl\/en\/wp-json\/wp\/v2\/product_tag?post=68252"}],"curies":[{"name":"wp","href":"https:\/\/api.w.org\/{rel}","templated":true}]}}