{"id":61431,"date":"2024-10-06T17:46:49","date_gmt":"2024-10-06T15:46:49","guid":{"rendered":"https:\/\/razdwatrzyrytmika.pl\/?post_type=product&#038;p=61431"},"modified":"2025-03-17T17:38:24","modified_gmt":"2025-03-17T16:38:24","slug":"niepodleglosci-dzien","status":"publish","type":"product","link":"https:\/\/razdwatrzyrytmika.pl\/en\/product\/niepodleglosci-dzien\/","title":{"rendered":"NIEPODLEG\u0141O\u015aCI DZIE\u0143"},"content":{"rendered":"","protected":false},"excerpt":{"rendered":"<p>Produkt zawiera utw\u00f3r w wersji wokalnej, tekst oraz film instrukta\u017cowy.<br \/>\n<wolf-audio class=\"audio-shortcode-container\"><audio class=\"wp-audio-shortcode\" id=\"audio-61431-1\" preload=\"none\" style=\"width: 100%;\" controls=\"controls\"><source type=\"audio\/mpeg\" src=\"https:\/\/razdwatrzyrytmika.pl\/wp-content\/uploads\/2024\/10\/niepodleglosci-dzien-wok.1.mp3?_=1\" \/><a href=\"https:\/\/razdwatrzyrytmika.pl\/wp-content\/uploads\/2024\/10\/niepodleglosci-dzien-wok.1.mp3\">https:\/\/razdwatrzyrytmika.pl\/wp-content\/uploads\/2024\/10\/niepodleglosci-dzien-wok.1.mp3<\/a><\/audio><\/wolf-audio><\/p>","protected":false},"featured_media":61434,"template":"","meta":[],"product_brand":[],"product_cat":[78,16],"product_tag":[],"class_list":{"0":"post-61431","1":"product","2":"type-product","3":"status-publish","4":"has-post-thumbnail","6":"product_cat-patriotyczne","7":"product_cat-uncategorized","8":"entry-post-skin-light","9":"entry","10":"clearfix","11":"entry-grid","12":"entry-columns-3","13":"entry-product-module-layout-sidebar-left","14":"thumbnail-color-tone-light","15":"entry-product","17":"entry-product-grid","19":"first","20":"instock","21":"downloadable","22":"virtual","23":"taxable","24":"purchasable","25":"product-type-simple"},"_links":{"self":[{"href":"https:\/\/razdwatrzyrytmika.pl\/en\/wp-json\/wp\/v2\/product\/61431","targetHints":{"allow":["GET"]}}],"collection":[{"href":"https:\/\/razdwatrzyrytmika.pl\/en\/wp-json\/wp\/v2\/product"}],"about":[{"href":"https:\/\/razdwatrzyrytmika.pl\/en\/wp-json\/wp\/v2\/types\/product"}],"version-history":[{"count":0,"href":"https:\/\/razdwatrzyrytmika.pl\/en\/wp-json\/wp\/v2\/product\/61431\/revisions"}],"wp:featuredmedia":[{"embeddable":true,"href":"https:\/\/razdwatrzyrytmika.pl\/en\/wp-json\/wp\/v2\/media\/61434"}],"wp:attachment":[{"href":"https:\/\/razdwatrzyrytmika.pl\/en\/wp-json\/wp\/v2\/media?parent=61431"}],"wp:term":[{"taxonomy":"product_brand","embeddable":true,"href":"https:\/\/razdwatrzyrytmika.pl\/en\/wp-json\/wp\/v2\/product_brand?post=61431"},{"taxonomy":"product_cat","embeddable":true,"href":"https:\/\/razdwatrzyrytmika.pl\/en\/wp-json\/wp\/v2\/product_cat?post=61431"},{"taxonomy":"product_tag","embeddable":true,"href":"https:\/\/razdwatrzyrytmika.pl\/en\/wp-json\/wp\/v2\/product_tag?post=61431"}],"curies":[{"name":"wp","href":"https:\/\/api.w.org\/{rel}","templated":true}]}}