{"id":60533,"date":"2024-09-28T17:06:12","date_gmt":"2024-09-28T15:06:12","guid":{"rendered":"https:\/\/razdwatrzyrytmika.pl\/?post_type=product&#038;p=60533"},"modified":"2025-03-17T17:38:24","modified_gmt":"2025-03-17T16:38:24","slug":"bardzo-wazne-swieto-wersja-instrumentalna","status":"publish","type":"product","link":"https:\/\/razdwatrzyrytmika.pl\/en\/product\/bardzo-wazne-swieto-wersja-instrumentalna\/","title":{"rendered":"Bardzo wa\u017cne \u015bwi\u0119to (WERSJA INSTRUMENTALNA)"},"content":{"rendered":"","protected":false},"excerpt":{"rendered":"<p>Produkt zawiera utw\u00f3r w wersji instrumentalnej oraz tekst.<br \/>\n<wolf-audio class=\"audio-shortcode-container\"><audio class=\"wp-audio-shortcode\" id=\"audio-60533-1\" preload=\"none\" style=\"width: 100%;\" controls=\"controls\"><source type=\"audio\/mpeg\" src=\"https:\/\/razdwatrzyrytmika.pl\/wp-content\/uploads\/2024\/09\/bardzo-wazne-swieto-instr1.mp3?_=1\" \/><a href=\"https:\/\/razdwatrzyrytmika.pl\/wp-content\/uploads\/2024\/09\/bardzo-wazne-swieto-instr1.mp3\">https:\/\/razdwatrzyrytmika.pl\/wp-content\/uploads\/2024\/09\/bardzo-wazne-swieto-instr1.mp3<\/a><\/audio><\/wolf-audio><\/p>","protected":false},"featured_media":60525,"template":"","meta":[],"product_brand":[],"product_cat":[80,16],"product_tag":[],"class_list":{"0":"post-60533","1":"product","2":"type-product","3":"status-publish","4":"has-post-thumbnail","6":"product_cat-dzien-edukacji-narodowej","7":"product_cat-uncategorized","8":"entry-post-skin-light","9":"entry","10":"clearfix","11":"entry-grid","12":"entry-columns-3","13":"entry-product-module-layout-sidebar-left","14":"thumbnail-color-tone-light","15":"entry-product","17":"entry-product-grid","19":"first","20":"instock","21":"downloadable","22":"virtual","23":"taxable","24":"purchasable","25":"product-type-simple"},"_links":{"self":[{"href":"https:\/\/razdwatrzyrytmika.pl\/en\/wp-json\/wp\/v2\/product\/60533","targetHints":{"allow":["GET"]}}],"collection":[{"href":"https:\/\/razdwatrzyrytmika.pl\/en\/wp-json\/wp\/v2\/product"}],"about":[{"href":"https:\/\/razdwatrzyrytmika.pl\/en\/wp-json\/wp\/v2\/types\/product"}],"version-history":[{"count":0,"href":"https:\/\/razdwatrzyrytmika.pl\/en\/wp-json\/wp\/v2\/product\/60533\/revisions"}],"wp:featuredmedia":[{"embeddable":true,"href":"https:\/\/razdwatrzyrytmika.pl\/en\/wp-json\/wp\/v2\/media\/60525"}],"wp:attachment":[{"href":"https:\/\/razdwatrzyrytmika.pl\/en\/wp-json\/wp\/v2\/media?parent=60533"}],"wp:term":[{"taxonomy":"product_brand","embeddable":true,"href":"https:\/\/razdwatrzyrytmika.pl\/en\/wp-json\/wp\/v2\/product_brand?post=60533"},{"taxonomy":"product_cat","embeddable":true,"href":"https:\/\/razdwatrzyrytmika.pl\/en\/wp-json\/wp\/v2\/product_cat?post=60533"},{"taxonomy":"product_tag","embeddable":true,"href":"https:\/\/razdwatrzyrytmika.pl\/en\/wp-json\/wp\/v2\/product_tag?post=60533"}],"curies":[{"name":"wp","href":"https:\/\/api.w.org\/{rel}","templated":true}]}}