{"id":49611,"date":"2024-05-31T13:04:43","date_gmt":"2024-05-31T11:04:43","guid":{"rendered":"https:\/\/razdwatrzyrytmika.pl\/?post_type=product&#038;p=49611"},"modified":"2025-03-17T18:42:06","modified_gmt":"2025-03-17T17:42:06","slug":"juz-lato","status":"publish","type":"product","link":"https:\/\/razdwatrzyrytmika.pl\/en\/product\/juz-lato\/","title":{"rendered":"JU\u017b LATO!"},"content":{"rendered":"","protected":false},"excerpt":{"rendered":"<p>Produkt zawiera utw\u00f3r w wersji wokalnej, tekst oraz film instrukta\u017cowy.<\/p>\n<p><wolf-audio class=\"audio-shortcode-container\"><audio class=\"wp-audio-shortcode\" id=\"audio-49611-1\" preload=\"none\" style=\"width: 100%;\" controls=\"controls\"><source type=\"audio\/mpeg\" src=\"https:\/\/razdwatrzyrytmika.pl\/wp-content\/uploads\/2024\/05\/juz-lato-wok.-a.-szewczyk1.mp3?_=1\" \/><a href=\"https:\/\/razdwatrzyrytmika.pl\/wp-content\/uploads\/2024\/05\/juz-lato-wok.-a.-szewczyk1.mp3\">https:\/\/razdwatrzyrytmika.pl\/wp-content\/uploads\/2024\/05\/juz-lato-wok.-a.-szewczyk1.mp3<\/a><\/audio><\/wolf-audio><\/p>","protected":false},"featured_media":49614,"template":"","meta":[],"product_brand":[],"product_cat":[79,90,16],"product_tag":[],"class_list":{"0":"post-49611","1":"product","2":"type-product","3":"status-publish","4":"has-post-thumbnail","6":"product_cat-zakonczenie-roku","7":"product_cat-lato","8":"product_cat-uncategorized","9":"entry-post-skin-light","10":"entry","11":"clearfix","12":"entry-grid","13":"entry-columns-3","14":"entry-product-module-layout-sidebar-left","15":"thumbnail-color-tone-dark","16":"entry-product","18":"entry-product-grid","20":"first","21":"instock","22":"downloadable","23":"virtual","24":"taxable","25":"purchasable","26":"product-type-simple"},"_links":{"self":[{"href":"https:\/\/razdwatrzyrytmika.pl\/en\/wp-json\/wp\/v2\/product\/49611","targetHints":{"allow":["GET"]}}],"collection":[{"href":"https:\/\/razdwatrzyrytmika.pl\/en\/wp-json\/wp\/v2\/product"}],"about":[{"href":"https:\/\/razdwatrzyrytmika.pl\/en\/wp-json\/wp\/v2\/types\/product"}],"version-history":[{"count":0,"href":"https:\/\/razdwatrzyrytmika.pl\/en\/wp-json\/wp\/v2\/product\/49611\/revisions"}],"wp:featuredmedia":[{"embeddable":true,"href":"https:\/\/razdwatrzyrytmika.pl\/en\/wp-json\/wp\/v2\/media\/49614"}],"wp:attachment":[{"href":"https:\/\/razdwatrzyrytmika.pl\/en\/wp-json\/wp\/v2\/media?parent=49611"}],"wp:term":[{"taxonomy":"product_brand","embeddable":true,"href":"https:\/\/razdwatrzyrytmika.pl\/en\/wp-json\/wp\/v2\/product_brand?post=49611"},{"taxonomy":"product_cat","embeddable":true,"href":"https:\/\/razdwatrzyrytmika.pl\/en\/wp-json\/wp\/v2\/product_cat?post=49611"},{"taxonomy":"product_tag","embeddable":true,"href":"https:\/\/razdwatrzyrytmika.pl\/en\/wp-json\/wp\/v2\/product_tag?post=49611"}],"curies":[{"name":"wp","href":"https:\/\/api.w.org\/{rel}","templated":true}]}}