{"id":42434,"date":"2024-04-14T22:05:49","date_gmt":"2024-04-14T20:05:49","guid":{"rendered":"https:\/\/razdwatrzyrytmika.pl\/?post_type=product&#038;p=42434"},"modified":"2025-03-17T18:42:21","modified_gmt":"2025-03-17T17:42:21","slug":"pakiet-mama-swieto-ma","status":"publish","type":"product","link":"https:\/\/razdwatrzyrytmika.pl\/en\/product\/pakiet-mama-swieto-ma\/","title":{"rendered":"PAKIET Mama \u015bwi\u0119to ma"},"content":{"rendered":"","protected":false},"excerpt":{"rendered":"<p>Plik zawiera utw\u00f3r w wersji mp3, film instrukta\u017cowy oraz tekst.<\/p>\n<p><wolf-audio class=\"audio-shortcode-container\"><audio class=\"wp-audio-shortcode\" id=\"audio-42434-1\" preload=\"none\" style=\"width: 100%;\" controls=\"controls\"><source type=\"audio\/mpeg\" src=\"https:\/\/razdwatrzyrytmika.pl\/wp-content\/uploads\/2024\/04\/mama-swieto-ma-wok.-a.-sze1.mp3?_=1\" \/><a href=\"https:\/\/razdwatrzyrytmika.pl\/wp-content\/uploads\/2024\/04\/mama-swieto-ma-wok.-a.-sze1.mp3\">https:\/\/razdwatrzyrytmika.pl\/wp-content\/uploads\/2024\/04\/mama-swieto-ma-wok.-a.-sze1.mp3<\/a><\/audio><\/wolf-audio><\/p>\n<p><wolf-audio class=\"audio-shortcode-container\"><audio class=\"wp-audio-shortcode\" id=\"audio-42434-2\" preload=\"none\" style=\"width: 100%;\" controls=\"controls\"><source type=\"audio\/mpeg\" src=\"https:\/\/razdwatrzyrytmika.pl\/wp-content\/uploads\/2024\/04\/mama-swieto-ma-instr.-a.-s1.mp3?_=2\" \/><a href=\"https:\/\/razdwatrzyrytmika.pl\/wp-content\/uploads\/2024\/04\/mama-swieto-ma-instr.-a.-s1.mp3\">https:\/\/razdwatrzyrytmika.pl\/wp-content\/uploads\/2024\/04\/mama-swieto-ma-instr.-a.-s1.mp3<\/a><\/audio><\/wolf-audio><\/p>","protected":false},"featured_media":42415,"template":"","meta":[],"product_brand":[],"product_cat":[82,16],"product_tag":[],"class_list":{"0":"post-42434","1":"product","2":"type-product","3":"status-publish","4":"has-post-thumbnail","6":"product_cat-piosenki-dla-mamy-i-taty","7":"product_cat-uncategorized","8":"entry-post-skin-light","9":"entry","10":"clearfix","11":"entry-grid","12":"entry-columns-3","13":"entry-product-module-layout-sidebar-left","14":"thumbnail-color-tone-light","15":"entry-product","17":"entry-product-grid","19":"first","20":"instock","21":"downloadable","22":"virtual","23":"taxable","24":"purchasable","25":"product-type-simple"},"_links":{"self":[{"href":"https:\/\/razdwatrzyrytmika.pl\/en\/wp-json\/wp\/v2\/product\/42434","targetHints":{"allow":["GET"]}}],"collection":[{"href":"https:\/\/razdwatrzyrytmika.pl\/en\/wp-json\/wp\/v2\/product"}],"about":[{"href":"https:\/\/razdwatrzyrytmika.pl\/en\/wp-json\/wp\/v2\/types\/product"}],"version-history":[{"count":0,"href":"https:\/\/razdwatrzyrytmika.pl\/en\/wp-json\/wp\/v2\/product\/42434\/revisions"}],"wp:featuredmedia":[{"embeddable":true,"href":"https:\/\/razdwatrzyrytmika.pl\/en\/wp-json\/wp\/v2\/media\/42415"}],"wp:attachment":[{"href":"https:\/\/razdwatrzyrytmika.pl\/en\/wp-json\/wp\/v2\/media?parent=42434"}],"wp:term":[{"taxonomy":"product_brand","embeddable":true,"href":"https:\/\/razdwatrzyrytmika.pl\/en\/wp-json\/wp\/v2\/product_brand?post=42434"},{"taxonomy":"product_cat","embeddable":true,"href":"https:\/\/razdwatrzyrytmika.pl\/en\/wp-json\/wp\/v2\/product_cat?post=42434"},{"taxonomy":"product_tag","embeddable":true,"href":"https:\/\/razdwatrzyrytmika.pl\/en\/wp-json\/wp\/v2\/product_tag?post=42434"}],"curies":[{"name":"wp","href":"https:\/\/api.w.org\/{rel}","templated":true}]}}