{"id":39143,"date":"2024-03-03T12:38:12","date_gmt":"2024-03-03T11:38:12","guid":{"rendered":"https:\/\/razdwatrzyrytmika.pl\/?post_type=product&#038;p=39143"},"modified":"2025-03-17T18:42:38","modified_gmt":"2025-03-17T17:42:38","slug":"pakiet-wielkanocne-swieta","status":"publish","type":"product","link":"https:\/\/razdwatrzyrytmika.pl\/en\/product\/pakiet-wielkanocne-swieta\/","title":{"rendered":"PAKIET Wielkanocne \u015awi\u0119ta"},"content":{"rendered":"","protected":false},"excerpt":{"rendered":"<p>Produkt zawiera piosenk\u0119 w wersji mp3 + tekst + film instrukta\u017cowy.<\/p>\n<p><wolf-audio class=\"audio-shortcode-container\"><audio class=\"wp-audio-shortcode\" id=\"audio-39143-1\" preload=\"none\" style=\"width: 100%;\" controls=\"controls\"><source type=\"audio\/mpeg\" src=\"https:\/\/razdwatrzyrytmika.pl\/wp-content\/uploads\/2024\/03\/wielkanocne-swieta-wok.-a.1.mp3?_=1\" \/><a href=\"https:\/\/razdwatrzyrytmika.pl\/wp-content\/uploads\/2024\/03\/wielkanocne-swieta-wok.-a.1.mp3\">https:\/\/razdwatrzyrytmika.pl\/wp-content\/uploads\/2024\/03\/wielkanocne-swieta-wok.-a.1.mp3<\/a><\/audio><\/wolf-audio><\/p>\n<p><wolf-audio class=\"audio-shortcode-container\"><audio class=\"wp-audio-shortcode\" id=\"audio-39143-2\" preload=\"none\" style=\"width: 100%;\" controls=\"controls\"><source type=\"audio\/mpeg\" src=\"https:\/\/razdwatrzyrytmika.pl\/wp-content\/uploads\/2024\/03\/wielkanocne-swieta-instr.1.mp3?_=2\" \/><a href=\"https:\/\/razdwatrzyrytmika.pl\/wp-content\/uploads\/2024\/03\/wielkanocne-swieta-instr.1.mp3\">https:\/\/razdwatrzyrytmika.pl\/wp-content\/uploads\/2024\/03\/wielkanocne-swieta-instr.1.mp3<\/a><\/audio><\/wolf-audio><\/p>","protected":false},"featured_media":39139,"template":"","meta":[],"product_brand":[],"product_cat":[73,16],"product_tag":[],"class_list":{"0":"post-39143","1":"product","2":"type-product","3":"status-publish","4":"has-post-thumbnail","6":"product_cat-wielkanoc","7":"product_cat-uncategorized","8":"entry-post-skin-light","9":"entry","10":"clearfix","11":"entry-grid","12":"entry-columns-3","13":"entry-product-module-layout-sidebar-left","14":"thumbnail-color-tone-light","15":"entry-product","17":"entry-product-grid","19":"first","20":"instock","21":"downloadable","22":"virtual","23":"taxable","24":"purchasable","25":"product-type-simple"},"_links":{"self":[{"href":"https:\/\/razdwatrzyrytmika.pl\/en\/wp-json\/wp\/v2\/product\/39143","targetHints":{"allow":["GET"]}}],"collection":[{"href":"https:\/\/razdwatrzyrytmika.pl\/en\/wp-json\/wp\/v2\/product"}],"about":[{"href":"https:\/\/razdwatrzyrytmika.pl\/en\/wp-json\/wp\/v2\/types\/product"}],"version-history":[{"count":0,"href":"https:\/\/razdwatrzyrytmika.pl\/en\/wp-json\/wp\/v2\/product\/39143\/revisions"}],"wp:featuredmedia":[{"embeddable":true,"href":"https:\/\/razdwatrzyrytmika.pl\/en\/wp-json\/wp\/v2\/media\/39139"}],"wp:attachment":[{"href":"https:\/\/razdwatrzyrytmika.pl\/en\/wp-json\/wp\/v2\/media?parent=39143"}],"wp:term":[{"taxonomy":"product_brand","embeddable":true,"href":"https:\/\/razdwatrzyrytmika.pl\/en\/wp-json\/wp\/v2\/product_brand?post=39143"},{"taxonomy":"product_cat","embeddable":true,"href":"https:\/\/razdwatrzyrytmika.pl\/en\/wp-json\/wp\/v2\/product_cat?post=39143"},{"taxonomy":"product_tag","embeddable":true,"href":"https:\/\/razdwatrzyrytmika.pl\/en\/wp-json\/wp\/v2\/product_tag?post=39143"}],"curies":[{"name":"wp","href":"https:\/\/api.w.org\/{rel}","templated":true}]}}