{"id":26708,"date":"2023-11-25T10:39:25","date_gmt":"2023-11-25T09:39:25","guid":{"rendered":"https:\/\/razdwatrzyrytmika.pl\/?post_type=product&#038;p=26708"},"modified":"2025-03-17T18:43:45","modified_gmt":"2025-03-17T17:43:45","slug":"pakiet-zabawa-biale-sniezynki","status":"publish","type":"product","link":"https:\/\/razdwatrzyrytmika.pl\/en\/product\/pakiet-zabawa-biale-sniezynki\/","title":{"rendered":"PAKIET Zabawa Bia\u0142e \u015anie\u017cynki"},"content":{"rendered":"","protected":false},"excerpt":{"rendered":"<p>Produkt zawiera utw\u00f3r w wersji wokalnej i instrumentalnej, tekst oraz film instrukta\u017cowy.<\/p>\n<p><wolf-audio class=\"audio-shortcode-container\"><audio class=\"wp-audio-shortcode\" id=\"audio-26708-1\" preload=\"none\" style=\"width: 100%;\" controls=\"controls\"><source type=\"audio\/mpeg\" src=\"https:\/\/razdwatrzyrytmika.pl\/wp-content\/uploads\/2023\/11\/Biale-sniezynki-zabawa-2-1.mp3?_=1\" \/><a href=\"https:\/\/razdwatrzyrytmika.pl\/wp-content\/uploads\/2023\/11\/Biale-sniezynki-zabawa-2-1.mp3\">https:\/\/razdwatrzyrytmika.pl\/wp-content\/uploads\/2023\/11\/Biale-sniezynki-zabawa-2-1.mp3<\/a><\/audio><\/wolf-audio><\/p>\n<p><wolf-audio class=\"audio-shortcode-container\"><audio class=\"wp-audio-shortcode\" id=\"audio-26708-2\" preload=\"none\" style=\"width: 100%;\" controls=\"controls\"><source type=\"audio\/mpeg\" src=\"https:\/\/razdwatrzyrytmika.pl\/wp-content\/uploads\/2023\/11\/Biale-sniezynki-zabawa-1.mp3?_=2\" \/><a href=\"https:\/\/razdwatrzyrytmika.pl\/wp-content\/uploads\/2023\/11\/Biale-sniezynki-zabawa-1.mp3\">https:\/\/razdwatrzyrytmika.pl\/wp-content\/uploads\/2023\/11\/Biale-sniezynki-zabawa-1.mp3<\/a><\/audio><\/wolf-audio><\/p>","protected":false},"featured_media":26697,"template":"","meta":[],"product_brand":[],"product_cat":[67,77,16],"product_tag":[],"class_list":{"0":"post-26708","1":"product","2":"type-product","3":"status-publish","4":"has-post-thumbnail","6":"product_cat-zabawy-muzyczne","7":"product_cat-zima","8":"product_cat-uncategorized","9":"entry-post-skin-light","10":"entry","11":"clearfix","12":"entry-grid","13":"entry-columns-3","14":"entry-product-module-layout-sidebar-left","15":"thumbnail-color-tone-light","16":"entry-product","18":"entry-product-grid","20":"first","21":"instock","22":"downloadable","23":"virtual","24":"taxable","25":"purchasable","26":"product-type-simple"},"_links":{"self":[{"href":"https:\/\/razdwatrzyrytmika.pl\/en\/wp-json\/wp\/v2\/product\/26708","targetHints":{"allow":["GET"]}}],"collection":[{"href":"https:\/\/razdwatrzyrytmika.pl\/en\/wp-json\/wp\/v2\/product"}],"about":[{"href":"https:\/\/razdwatrzyrytmika.pl\/en\/wp-json\/wp\/v2\/types\/product"}],"version-history":[{"count":0,"href":"https:\/\/razdwatrzyrytmika.pl\/en\/wp-json\/wp\/v2\/product\/26708\/revisions"}],"wp:featuredmedia":[{"embeddable":true,"href":"https:\/\/razdwatrzyrytmika.pl\/en\/wp-json\/wp\/v2\/media\/26697"}],"wp:attachment":[{"href":"https:\/\/razdwatrzyrytmika.pl\/en\/wp-json\/wp\/v2\/media?parent=26708"}],"wp:term":[{"taxonomy":"product_brand","embeddable":true,"href":"https:\/\/razdwatrzyrytmika.pl\/en\/wp-json\/wp\/v2\/product_brand?post=26708"},{"taxonomy":"product_cat","embeddable":true,"href":"https:\/\/razdwatrzyrytmika.pl\/en\/wp-json\/wp\/v2\/product_cat?post=26708"},{"taxonomy":"product_tag","embeddable":true,"href":"https:\/\/razdwatrzyrytmika.pl\/en\/wp-json\/wp\/v2\/product_tag?post=26708"}],"curies":[{"name":"wp","href":"https:\/\/api.w.org\/{rel}","templated":true}]}}