{"id":18002,"date":"2023-04-02T22:55:43","date_gmt":"2023-04-02T20:55:43","guid":{"rendered":"https:\/\/razdwatrzyrytmika.pl\/?post_type=product&#038;p=18002"},"modified":"2025-03-17T18:44:45","modified_gmt":"2025-03-17T17:44:45","slug":"pakiet-duzo-umiem","status":"publish","type":"product","link":"https:\/\/razdwatrzyrytmika.pl\/en\/product\/pakiet-duzo-umiem\/","title":{"rendered":"PAKIET Du\u017co umiem (\u017b\u0141OBEK)"},"content":{"rendered":"","protected":false},"excerpt":{"rendered":"<p><wolf-audio class=\"audio-shortcode-container\"><audio class=\"wp-audio-shortcode\" id=\"audio-18002-1\" preload=\"none\" style=\"width: 100%;\" controls=\"controls\"><source type=\"audio\/mpeg\" src=\"https:\/\/razdwatrzyrytmika.pl\/wp-content\/uploads\/2023\/04\/Duzo-umiem-A.-Szewczyk-wok.1.mp3?_=1\" \/><a href=\"https:\/\/razdwatrzyrytmika.pl\/wp-content\/uploads\/2023\/04\/Duzo-umiem-A.-Szewczyk-wok.1.mp3\">https:\/\/razdwatrzyrytmika.pl\/wp-content\/uploads\/2023\/04\/Duzo-umiem-A.-Szewczyk-wok.1.mp3<\/a><\/audio><\/wolf-audio><br \/>\n<wolf-audio class=\"audio-shortcode-container\"><audio class=\"wp-audio-shortcode\" id=\"audio-18002-2\" preload=\"none\" style=\"width: 100%;\" controls=\"controls\"><source type=\"audio\/mpeg\" src=\"https:\/\/razdwatrzyrytmika.pl\/wp-content\/uploads\/2023\/04\/Duzo-umiem-A.-Szewczyk-INST1.mp3?_=2\" \/><a href=\"https:\/\/razdwatrzyrytmika.pl\/wp-content\/uploads\/2023\/04\/Duzo-umiem-A.-Szewczyk-INST1.mp3\">https:\/\/razdwatrzyrytmika.pl\/wp-content\/uploads\/2023\/04\/Duzo-umiem-A.-Szewczyk-INST1.mp3<\/a><\/audio><\/wolf-audio><\/p>","protected":false},"featured_media":18003,"template":"","meta":[],"product_brand":[],"product_cat":[79,16],"product_tag":[],"class_list":{"0":"post-18002","1":"product","2":"type-product","3":"status-publish","4":"has-post-thumbnail","6":"product_cat-zakonczenie-roku","7":"product_cat-uncategorized","8":"entry-post-skin-light","9":"entry","10":"clearfix","11":"entry-grid","12":"entry-columns-3","13":"entry-product-module-layout-sidebar-left","14":"thumbnail-color-tone-dark","15":"entry-product","17":"entry-product-grid","19":"first","20":"instock","21":"downloadable","22":"virtual","23":"taxable","24":"purchasable","25":"product-type-simple"},"_links":{"self":[{"href":"https:\/\/razdwatrzyrytmika.pl\/en\/wp-json\/wp\/v2\/product\/18002","targetHints":{"allow":["GET"]}}],"collection":[{"href":"https:\/\/razdwatrzyrytmika.pl\/en\/wp-json\/wp\/v2\/product"}],"about":[{"href":"https:\/\/razdwatrzyrytmika.pl\/en\/wp-json\/wp\/v2\/types\/product"}],"version-history":[{"count":0,"href":"https:\/\/razdwatrzyrytmika.pl\/en\/wp-json\/wp\/v2\/product\/18002\/revisions"}],"wp:featuredmedia":[{"embeddable":true,"href":"https:\/\/razdwatrzyrytmika.pl\/en\/wp-json\/wp\/v2\/media\/18003"}],"wp:attachment":[{"href":"https:\/\/razdwatrzyrytmika.pl\/en\/wp-json\/wp\/v2\/media?parent=18002"}],"wp:term":[{"taxonomy":"product_brand","embeddable":true,"href":"https:\/\/razdwatrzyrytmika.pl\/en\/wp-json\/wp\/v2\/product_brand?post=18002"},{"taxonomy":"product_cat","embeddable":true,"href":"https:\/\/razdwatrzyrytmika.pl\/en\/wp-json\/wp\/v2\/product_cat?post=18002"},{"taxonomy":"product_tag","embeddable":true,"href":"https:\/\/razdwatrzyrytmika.pl\/en\/wp-json\/wp\/v2\/product_tag?post=18002"}],"curies":[{"name":"wp","href":"https:\/\/api.w.org\/{rel}","templated":true}]}}