{"id":14666,"date":"2022-11-24T19:35:14","date_gmt":"2022-11-24T18:35:14","guid":{"rendered":"https:\/\/razdwatrzyrytmika.pl\/?post_type=product&#038;p=14666"},"modified":"2025-03-17T18:45:21","modified_gmt":"2025-03-17T17:45:21","slug":"plyta-cd-audio-chodzimy-do-przedszkola-piosenki-dla-dzieci-na-caly-rok","status":"publish","type":"product","link":"https:\/\/razdwatrzyrytmika.pl\/en\/product\/plyta-cd-audio-chodzimy-do-przedszkola-piosenki-dla-dzieci-na-caly-rok\/","title":{"rendered":"P\u0141YTA CD AUDIO \u201eCHODZIMY DO PRZEDSZKOLA\u201d"},"content":{"rendered":"","protected":false},"excerpt":{"rendered":"<p>&#8222;Chodzimy do przedszkola\u201d to zbi\u00f3r 14 piosenek w wersji wokalnej oraz 6 w wersji instrumentalnej (bez linii melodycznej). Utwory zawieraj\u0105 tre\u015bci wspieraj\u0105ce rozw\u00f3j dzieci w wieku przedszkolnym i zwi\u0105zane s\u0105 z zagadnieniami realizowanymi w poszczeg\u00f3lnych miesi\u0105cach w toku edukacji przedszkolnej. Piosenki cechuje wysoka warto\u015b\u0107 edukacyjna i wychowawcza, ale nie brakuje w nich tak\u017ce element\u00f3w humorystycznych.<br \/>\nPublikacja zawiera p\u0142yt\u0119 CD, do kt\u00f3rej do\u0142\u0105czono ksi\u0105\u017ceczk\u0119 z tekstami piosenek.<\/p>\n<p>1. Chodzimy do przedszkola \u2013 wersja wokalna<\/p>\n<p>2. Skacz\u0105 ma\u0142e n\u00f3\u017cki \u2013 wersja wokalna<\/p>\n<p>3. Jab\u0142ka \u2013 wersja wokalna<\/p>\n<p>4. Dzie\u0144 Edukacji Narodowej \u2013 wersja wokalna<\/p>\n<p>5. Dzie\u0144 Edukacji Narodowej \u2013 wersja instrumentalna<\/p>\n<p>6. To w\u0142a\u015bnie Polska \u2013 wersja wokalna<\/p>\n<p>7. To w\u0142a\u015bnie Polska \u2013 wersja instrumentalna<\/p>\n<p>8. Kredki \u2013 wersja wokalna<\/p>\n<p>9. M\u00f3j Mi\u015b \u2013 wersja wokalna<\/p>\n<p>10. M\u00f3j Mi\u015b \u2013 wersja instrumentalna<\/p>\n<p>11. Miko\u0142aju, Miko\u0142aju \u2013 wersja wokalna<\/p>\n<p>12. Prezent dla Babci i Dziadziusia \u2013 wersja wokalna<\/p>\n<p>13. Wiosna Czarodziejka \u2013 wersja wokalna<\/p>\n<p>14. Tak bardzo kocham Ci\u0119 (dla mamy) \u2013 wersja wokalna<\/p>\n<p>15. Tak bardzo kocham Ci\u0119 (dla mamy) \u2013 wersja instrumentalna<\/p>\n<p>16.Z moim tat\u0105 \u2013 wersja wokalna<\/p>\n<p>17. Z moim tat\u0105 \u2013 wersja instrumentalna<\/p>\n<p>18. Z mym przedszkolem \u017cegnam si\u0119 \u2013 wersja wokalna<\/p>\n<p>19. Z mym przedszkolem \u017cegnam si\u0119 \u2013 wersja instrumentalna<\/p>\n<p>20. Wakacje \u2013 wersja wokalna<\/p>","protected":false},"featured_media":14669,"template":"","meta":[],"product_brand":[],"product_cat":[64,16],"product_tag":[],"class_list":{"0":"post-14666","1":"product","2":"type-product","3":"status-publish","4":"has-post-thumbnail","6":"product_cat-plyta","7":"product_cat-uncategorized","8":"entry-post-skin-light","9":"entry","10":"clearfix","11":"entry-grid","12":"entry-columns-3","13":"entry-product-module-layout-sidebar-left","14":"thumbnail-color-tone-dark","15":"entry-product","17":"entry-product-grid","19":"first","20":"outofstock","21":"featured","22":"taxable","23":"shipping-taxable","24":"purchasable","25":"product-type-simple"},"_links":{"self":[{"href":"https:\/\/razdwatrzyrytmika.pl\/en\/wp-json\/wp\/v2\/product\/14666","targetHints":{"allow":["GET"]}}],"collection":[{"href":"https:\/\/razdwatrzyrytmika.pl\/en\/wp-json\/wp\/v2\/product"}],"about":[{"href":"https:\/\/razdwatrzyrytmika.pl\/en\/wp-json\/wp\/v2\/types\/product"}],"version-history":[{"count":0,"href":"https:\/\/razdwatrzyrytmika.pl\/en\/wp-json\/wp\/v2\/product\/14666\/revisions"}],"wp:featuredmedia":[{"embeddable":true,"href":"https:\/\/razdwatrzyrytmika.pl\/en\/wp-json\/wp\/v2\/media\/14669"}],"wp:attachment":[{"href":"https:\/\/razdwatrzyrytmika.pl\/en\/wp-json\/wp\/v2\/media?parent=14666"}],"wp:term":[{"taxonomy":"product_brand","embeddable":true,"href":"https:\/\/razdwatrzyrytmika.pl\/en\/wp-json\/wp\/v2\/product_brand?post=14666"},{"taxonomy":"product_cat","embeddable":true,"href":"https:\/\/razdwatrzyrytmika.pl\/en\/wp-json\/wp\/v2\/product_cat?post=14666"},{"taxonomy":"product_tag","embeddable":true,"href":"https:\/\/razdwatrzyrytmika.pl\/en\/wp-json\/wp\/v2\/product_tag?post=14666"}],"curies":[{"name":"wp","href":"https:\/\/api.w.org\/{rel}","templated":true}]}}