{"id":13757,"date":"2022-11-04T19:18:29","date_gmt":"2022-11-04T18:18:29","guid":{"rendered":"https:\/\/razdwatrzyrytmika.pl\/?post_type=product&#038;p=13757"},"modified":"2025-03-17T18:45:43","modified_gmt":"2025-03-17T17:45:43","slug":"skacza-male-nozki","status":"publish","type":"product","link":"https:\/\/razdwatrzyrytmika.pl\/en\/product\/skacza-male-nozki\/","title":{"rendered":"Skacz\u0105 ma\u0142e n\u00f3\u017cki"},"content":{"rendered":"","protected":false},"excerpt":{"rendered":"<div class=\"wp-playlist wp-audio-playlist wp-playlist-light\">\n<div class=\"wp-playlist-current-item\"><\/div>\n<p>\t\t<audio controls=\"controls\" preload=\"none\" width=\"1118\"\n\t\t\t><\/audio><\/p>\n<div class=\"wp-playlist-next\"><\/div>\n<div class=\"wp-playlist-prev\"><\/div>\n<p>\t<noscript><\/p>\n<ol>\n<li><a href='https:\/\/razdwatrzyrytmika.pl\/wp-content\/uploads\/2022\/11\/Skacza-male-nozki_2-mp3cut.net_.mp3'>Skacza male nozki<\/a><\/li>\n<\/ol>\n<p>\t<\/noscript><br \/>\n\t<script type=\"application\/json\" class=\"wp-playlist-script\">{\"type\":\"audio\",\"tracklist\":true,\"tracknumbers\":true,\"images\":true,\"artists\":true,\"tracks\":[{\"src\":\"https:\/\/razdwatrzyrytmika.pl\/wp-content\/uploads\/2022\/11\/Skacza-male-nozki_2-mp3cut.net_.mp3\",\"type\":\"audio\/mpeg\",\"title\":\"Skacza male nozki\",\"caption\":\"\",\"description\":\"\\\"Skacza male nozki\\\" autor: RAZ DWA TRZY RYTMIKA. Rok wydania: 2022. \\u015acie\\u017cka 1.\",\"meta\":{\"artist\":\"RAZ DWA TRZY RYTMIKA\",\"year\":\"2022\",\"length_formatted\":\"0:19\"},\"image\":{\"src\":\"https:\/\/razdwatrzyrytmika.pl\/wp-includes\/images\/media\/audio.svg\",\"width\":48,\"height\":64},\"thumb\":{\"src\":\"https:\/\/razdwatrzyrytmika.pl\/wp-includes\/images\/media\/audio.svg\",\"width\":48,\"height\":64}}]}<\/script>\n<\/div>\n","protected":false},"featured_media":13968,"template":"","meta":[],"product_brand":[],"product_cat":[69,75,16],"product_tag":[],"class_list":{"0":"post-13757","1":"product","2":"type-product","3":"status-publish","4":"has-post-thumbnail","6":"product_cat-jesien","7":"product_cat-pasowanie","8":"product_cat-uncategorized","9":"entry-post-skin-light","10":"entry","11":"clearfix","12":"entry-grid","13":"entry-columns-3","14":"entry-product-module-layout-sidebar-left","15":"thumbnail-color-tone-light","16":"entry-product","18":"entry-product-grid","20":"first","21":"instock","22":"downloadable","23":"virtual","24":"taxable","25":"purchasable","26":"product-type-simple"},"_links":{"self":[{"href":"https:\/\/razdwatrzyrytmika.pl\/en\/wp-json\/wp\/v2\/product\/13757","targetHints":{"allow":["GET"]}}],"collection":[{"href":"https:\/\/razdwatrzyrytmika.pl\/en\/wp-json\/wp\/v2\/product"}],"about":[{"href":"https:\/\/razdwatrzyrytmika.pl\/en\/wp-json\/wp\/v2\/types\/product"}],"version-history":[{"count":0,"href":"https:\/\/razdwatrzyrytmika.pl\/en\/wp-json\/wp\/v2\/product\/13757\/revisions"}],"wp:featuredmedia":[{"embeddable":true,"href":"https:\/\/razdwatrzyrytmika.pl\/en\/wp-json\/wp\/v2\/media\/13968"}],"wp:attachment":[{"href":"https:\/\/razdwatrzyrytmika.pl\/en\/wp-json\/wp\/v2\/media?parent=13757"}],"wp:term":[{"taxonomy":"product_brand","embeddable":true,"href":"https:\/\/razdwatrzyrytmika.pl\/en\/wp-json\/wp\/v2\/product_brand?post=13757"},{"taxonomy":"product_cat","embeddable":true,"href":"https:\/\/razdwatrzyrytmika.pl\/en\/wp-json\/wp\/v2\/product_cat?post=13757"},{"taxonomy":"product_tag","embeddable":true,"href":"https:\/\/razdwatrzyrytmika.pl\/en\/wp-json\/wp\/v2\/product_tag?post=13757"}],"curies":[{"name":"wp","href":"https:\/\/api.w.org\/{rel}","templated":true}]}}