{"id":110857,"date":"2025-09-16T23:13:08","date_gmt":"2025-09-16T21:13:08","guid":{"rendered":"https:\/\/razdwatrzyrytmika.pl\/?post_type=product&#038;p=110857"},"modified":"2025-09-16T23:14:23","modified_gmt":"2025-09-16T21:14:23","slug":"pakiet-psotna-jesien","status":"publish","type":"product","link":"https:\/\/razdwatrzyrytmika.pl\/en\/product\/pakiet-psotna-jesien\/","title":{"rendered":"PAKIET Psotna Jesie\u0144"},"content":{"rendered":"","protected":false},"excerpt":{"rendered":"<p>Produkt zawiera:<br \/>\n\u2013 utw\u00f3r w wersji wokalnej \u201ePsotna Jesie\u0144\u201d (li\u015bcie)<br \/>\n&#8211; utw\u00f3r w wersji wokalnej \u201ePsotna Jesie\u0144\u201d (li\u015bcie, kasztany, \u017co\u0142\u0119dzie)<br \/>\n&#8211; utw\u00f3r w wersji instrumentalnej<br \/>\n\u2013 film instrukta\u017cowy<br \/>\n\u2013 2 teksty<br \/>\n<wolf-audio class=\"audio-shortcode-container\"><audio class=\"wp-audio-shortcode\" id=\"audio-110857-1\" preload=\"none\" style=\"width: 100%;\" controls=\"controls\"><source type=\"audio\/mpeg\" src=\"https:\/\/razdwatrzyrytmika.pl\/wp-content\/uploads\/2025\/09\/psotna-jesien-wok.-a.-szewc1.mp3?_=1\" \/><a href=\"https:\/\/razdwatrzyrytmika.pl\/wp-content\/uploads\/2025\/09\/psotna-jesien-wok.-a.-szewc1.mp3\">https:\/\/razdwatrzyrytmika.pl\/wp-content\/uploads\/2025\/09\/psotna-jesien-wok.-a.-szewc1.mp3<\/a><\/audio><\/wolf-audio><br \/>\n<wolf-audio class=\"audio-shortcode-container\"><audio class=\"wp-audio-shortcode\" id=\"audio-110857-2\" preload=\"none\" style=\"width: 100%;\" controls=\"controls\"><source type=\"audio\/mpeg\" src=\"https:\/\/razdwatrzyrytmika.pl\/wp-content\/uploads\/2025\/09\/psotna-jesien-instr.-a.-sze1.mp3?_=2\" \/><a href=\"https:\/\/razdwatrzyrytmika.pl\/wp-content\/uploads\/2025\/09\/psotna-jesien-instr.-a.-sze1.mp3\">https:\/\/razdwatrzyrytmika.pl\/wp-content\/uploads\/2025\/09\/psotna-jesien-instr.-a.-sze1.mp3<\/a><\/audio><\/wolf-audio><\/p>","protected":false},"featured_media":110843,"template":"","meta":[],"product_brand":[],"product_cat":[67,76,16],"product_tag":[],"class_list":{"0":"post-110857","1":"product","2":"type-product","3":"status-publish","4":"has-post-thumbnail","6":"product_cat-zabawy-muzyczne","7":"product_cat-jesien-2","8":"product_cat-uncategorized","9":"entry-post-skin-light","10":"entry","11":"clearfix","12":"entry-grid","13":"entry-columns-3","14":"entry-product-module-layout-sidebar-left","15":"thumbnail-color-tone-light","16":"entry-product","18":"entry-product-grid","20":"first","21":"instock","22":"downloadable","23":"virtual","24":"taxable","25":"purchasable","26":"product-type-simple"},"_links":{"self":[{"href":"https:\/\/razdwatrzyrytmika.pl\/en\/wp-json\/wp\/v2\/product\/110857","targetHints":{"allow":["GET"]}}],"collection":[{"href":"https:\/\/razdwatrzyrytmika.pl\/en\/wp-json\/wp\/v2\/product"}],"about":[{"href":"https:\/\/razdwatrzyrytmika.pl\/en\/wp-json\/wp\/v2\/types\/product"}],"version-history":[{"count":0,"href":"https:\/\/razdwatrzyrytmika.pl\/en\/wp-json\/wp\/v2\/product\/110857\/revisions"}],"wp:featuredmedia":[{"embeddable":true,"href":"https:\/\/razdwatrzyrytmika.pl\/en\/wp-json\/wp\/v2\/media\/110843"}],"wp:attachment":[{"href":"https:\/\/razdwatrzyrytmika.pl\/en\/wp-json\/wp\/v2\/media?parent=110857"}],"wp:term":[{"taxonomy":"product_brand","embeddable":true,"href":"https:\/\/razdwatrzyrytmika.pl\/en\/wp-json\/wp\/v2\/product_brand?post=110857"},{"taxonomy":"product_cat","embeddable":true,"href":"https:\/\/razdwatrzyrytmika.pl\/en\/wp-json\/wp\/v2\/product_cat?post=110857"},{"taxonomy":"product_tag","embeddable":true,"href":"https:\/\/razdwatrzyrytmika.pl\/en\/wp-json\/wp\/v2\/product_tag?post=110857"}],"curies":[{"name":"wp","href":"https:\/\/api.w.org\/{rel}","templated":true}]}}