{"id":9090,"date":"2021-10-20T08:57:09","date_gmt":"2021-10-20T08:57:09","guid":{"rendered":"https:\/\/stage.wolfthemes.live\/newtheme\/?page_id=9090"},"modified":"2023-04-05T23:26:24","modified_gmt":"2023-04-05T21:26:24","slug":"wideo","status":"publish","type":"page","link":"https:\/\/razdwatrzyrytmika.pl\/en\/wideo\/","title":{"rendered":"WIDEO"},"content":{"rendered":"<div data-elementor-type=\"wp-page\" data-elementor-id=\"9090\" class=\"elementor elementor-9090\" data-elementor-post-type=\"page\">\n\t\t\t\t\t\t<section class=\"wolf-core-elementor-row wolf-core-font-light  elementor-section elementor-top-section elementor-element elementor-element-b1b0ec4 elementor-section-height-min-height wolf-core-font-light elementor-section-boxed elementor-section-height-default elementor-section-items-middle wolf-core-row-parallax-no\" data-font-skin=\"light\" data-color-tone=\"dark\" data-id=\"b1b0ec4\" data-element_type=\"section\" data-e-type=\"section\" data-settings=\"{&quot;background_background&quot;:&quot;classic&quot;}\">\n\t\t\t\t\t\t\t<div class=\"elementor-background-overlay\"><\/div>\n\t\t\t\t\t\t\t<div class=\"elementor-container elementor-column-gap-default\">\n\t\t\t\t\t<div class=\"elementor-column elementor-col-100 elementor-top-column elementor-element elementor-element-872fcf8\" data-id=\"872fcf8\" data-element_type=\"column\" data-e-type=\"column\">\n\t\t\t<div class=\"elementor-widget-wrap elementor-element-populated\">\n\t\t\t\t\t\t<div class=\"wow elementor-element elementor-element-f45ea18 animated-heading-yes elementor-widget elementor-widget-heading\" style=\"transition-delay:0s;\" data-anim-delay=\"0\" data-id=\"f45ea18\" data-element_type=\"widget\" data-e-type=\"widget\" data-widget_type=\"heading.default\">\n\t\t\t\t<div class=\"elementor-widget-container\">\n\t\t\t\t\t<h1 class=\"elementor-heading-title elementor-size-default\">Wideo<\/h1>\t\t\t\t<\/div>\n\t\t\t\t<\/div>\n\t\t\t\t\t<\/div>\n\t\t<\/div>\n\t\t\t\t\t<\/div>\n\t\t<\/section>\n\t\t\t\t<section class=\"wolf-core-elementor-row wolf-core-font-  elementor-section elementor-top-section elementor-element elementor-element-7cc49cb elementor-section-boxed elementor-section-height-default elementor-section-height-default\" data-font-skin=\"\" data-color-tone=\"\" data-id=\"7cc49cb\" data-element_type=\"section\" data-e-type=\"section\">\n\t\t\t\t\t\t<div class=\"elementor-container elementor-column-gap-default\">\n\t\t\t\t\t<div class=\"elementor-column elementor-col-50 elementor-top-column elementor-element elementor-element-932ee09\" data-id=\"932ee09\" data-element_type=\"column\" data-e-type=\"column\">\n\t\t\t<div class=\"elementor-widget-wrap elementor-element-populated\">\n\t\t\t\t\t\t<div class=\"wow elementor-element elementor-element-87c0194 animated-heading-yes elementor-invisible elementor-widget elementor-widget-heading\" style=\"transition-delay:0s;\" data-anim-delay=\"0\" data-id=\"87c0194\" data-element_type=\"widget\" data-e-type=\"widget\" data-settings=\"{&quot;_animation&quot;:&quot;fadeIn&quot;}\" data-widget_type=\"heading.default\">\n\t\t\t\t<div class=\"elementor-widget-container\">\n\t\t\t\t\t<span class=\"elementor-heading-title elementor-size-default\">Wideo <\/span>\t\t\t\t<\/div>\n\t\t\t\t<\/div>\n\t\t\t\t<div class=\"elementor-element elementor-element-03d230c elementor-widget elementor-widget-heading\" data-id=\"03d230c\" data-element_type=\"widget\" data-e-type=\"widget\" data-widget_type=\"heading.default\">\n\t\t\t\t<div class=\"elementor-widget-container\">\n\t\t\t\t\t<h2 class=\"elementor-heading-title elementor-size-default\">My suggestions for gestures for songs and dances.<\/h2>\t\t\t\t<\/div>\n\t\t\t\t<\/div>\n\t\t\t\t<div class=\"elementor-element elementor-element-21d6d3d elementor-widget-divider--view-line elementor-invisible elementor-widget elementor-widget-divider\" data-id=\"21d6d3d\" data-element_type=\"widget\" data-e-type=\"widget\" data-settings=\"{&quot;_animation&quot;:&quot;uncoverXLeft&quot;}\" data-widget_type=\"divider.default\">\n\t\t\t\t<div class=\"elementor-widget-container\">\n\t\t\t\t\t\t\t<div class=\"elementor-divider\">\n\t\t\t<span class=\"elementor-divider-separator\">\n\t\t\t\t\t\t<\/span>\n\t\t<\/div>\n\t\t\t\t\t\t<\/div>\n\t\t\t\t<\/div>\n\t\t\t\t<div class=\"elementor-element elementor-element-4049e6e elementor-widget elementor-widget-socials\" data-id=\"4049e6e\" data-element_type=\"widget\" data-e-type=\"widget\" data-widget_type=\"socials.default\">\n\t\t\t\t<div class=\"elementor-widget-container\">\n\t\t\t\t\t<div   class=\"wolf-core-socials-container wolf-core-si-size-fa-2x wolf-core-align-flex-start wolf-core-si-direction-horizontal wolf-core-si-acronym- wolf-core-element\" style=\"\"><div class=\"wolf-core-social-icon wolf-core-icon-box wolf-core-icon-background-style-none wolf-core-icon-hover-opacity\"  style=\"animation-delay:0ms;\"><div class=\"wolf-core-icon-background-color-custom wolf-core-icon-container fa-2x fa-stack\" style=\"\"><div class=\"wolf-core-icon-background-fill\"><\/div><i style=\"color:#1A1A1A;\" class=\"wolf-core-icon-color-#1A1A1A wolf-core-icon fab fa-facebook\"><a title=\"facebook\" class=\"wolf-core-social-icon-link\" target=\"_blank\" href=\"https:\/\/www.facebook.com\/razdwatrzyrytmika\/\"><\/a><\/i><\/div><\/div><div class=\"wolf-core-social-icon wolf-core-icon-box wolf-core-icon-background-style-none wolf-core-icon-hover-opacity\"  style=\"animation-delay:200ms;\"><div class=\"wolf-core-icon-background-color-custom wolf-core-icon-container fa-2x fa-stack\" style=\"\"><div class=\"wolf-core-icon-background-fill\"><\/div><i style=\"color:#1A1A1A;\" class=\"wolf-core-icon-color-#1A1A1A wolf-core-icon fab fa-youtube\"><a title=\"youtube\" class=\"wolf-core-social-icon-link\" target=\"_blank\" href=\"https:\/\/www.youtube.com\/channel\/UC5IicEPOFUhDEv7q2QhQgWw\"><\/a><\/i><\/div><\/div><\/div><!-- .wolf-core-socials-container -->\t\t\t\t<\/div>\n\t\t\t\t<\/div>\n\t\t\t\t\t<\/div>\n\t\t<\/div>\n\t\t\t\t<div class=\"elementor-column elementor-col-50 elementor-top-column elementor-element elementor-element-40e306d\" data-id=\"40e306d\" data-element_type=\"column\" data-e-type=\"column\">\n\t\t\t<div class=\"elementor-widget-wrap elementor-element-populated\">\n\t\t\t\t\t\t<div class=\"elementor-element elementor-element-8b90d6b elementor-widget elementor-widget-image\" data-id=\"8b90d6b\" data-element_type=\"widget\" data-e-type=\"widget\" data-widget_type=\"image.default\">\n\t\t\t\t<div class=\"elementor-widget-container\">\n\t\t\t\t\t\t\t\t\t\t\t\t\t\t\t<img decoding=\"async\" src=\"https:\/\/razdwatrzyrytmika.pl\/wp-content\/uploads\/2023\/01\/Projekt-bez-tytulu-3.jpg\" title=\"\" alt=\"\" loading=\"lazy\" \/>\t\t\t\t\t\t\t\t\t\t\t\t\t\t\t<\/div>\n\t\t\t\t<\/div>\n\t\t\t\t\t<\/div>\n\t\t<\/div>\n\t\t\t\t\t<\/div>\n\t\t<\/section>\n\t\t\t\t<section class=\"wolf-core-elementor-row wolf-core-font-  elementor-section elementor-top-section elementor-element elementor-element-41c6d0d elementor-section-boxed elementor-section-height-default elementor-section-height-default wolf-core-row-parallax-no\" data-font-skin=\"\" data-color-tone=\"\" data-id=\"41c6d0d\" data-element_type=\"section\" data-e-type=\"section\" data-settings=\"{&quot;background_background&quot;:&quot;classic&quot;}\">\n\t\t\t\t\t\t<div class=\"elementor-container elementor-column-gap-default\">\n\t\t\t\t\t<div class=\"elementor-column elementor-col-25 elementor-top-column elementor-element elementor-element-a170a46\" data-id=\"a170a46\" data-element_type=\"column\" data-e-type=\"column\">\n\t\t\t<div class=\"elementor-widget-wrap elementor-element-populated\">\n\t\t\t\t\t\t<div class=\"elementor-element elementor-element-f3d93d5 elementor-widget elementor-widget-heading\" data-id=\"f3d93d5\" data-element_type=\"widget\" data-e-type=\"widget\" data-widget_type=\"heading.default\">\n\t\t\t\t<div class=\"elementor-widget-container\">\n\t\t\t\t\t<h2 class=\"elementor-heading-title elementor-size-default\">1.\tUk\u0142ad taneczny do piosenki Alvaro Soler \u2013 \u201eYo Contigo, T\u00fa Conmigo\u201d<\/h2>\t\t\t\t<\/div>\n\t\t\t\t<\/div>\n\t\t\t\t<div class=\"elementor-element elementor-element-e54813c elementor-align-center elementor-widget elementor-widget-button\" data-id=\"e54813c\" data-element_type=\"widget\" data-e-type=\"widget\" data-widget_type=\"button.default\">\n\t\t\t\t<div class=\"elementor-widget-container\">\n\t\t\t\t\t<div class=\"wolf-core-button-container wolf-core-element\"><a target=\"_parent\" href=\"https:\/\/www.facebook.com\/razdwatrzyrytmika\/videos\/945562092768164\" role=\"button\" class=\"wolf-core-button wolf-core-button-size-sm default wolf-core-button-shape-standard\" id=\"\"\n\t\t\tstyle=\"\"\n\t\t><span class=\"wolf-core-button-text\">Sprawd\u017a <\/span><\/a><\/div><!-- .wolf-core-button-container -->\t\t\t\t<\/div>\n\t\t\t\t<\/div>\n\t\t\t\t\t<\/div>\n\t\t<\/div>\n\t\t\t\t<div class=\"elementor-column elementor-col-25 elementor-top-column elementor-element elementor-element-8b9b4d0\" data-id=\"8b9b4d0\" data-element_type=\"column\" data-e-type=\"column\">\n\t\t\t<div class=\"elementor-widget-wrap elementor-element-populated\">\n\t\t\t\t\t\t<div class=\"elementor-element elementor-element-d4adeba elementor-widget elementor-widget-heading\" data-id=\"d4adeba\" data-element_type=\"widget\" data-e-type=\"widget\" data-widget_type=\"heading.default\">\n\t\t\t\t<div class=\"elementor-widget-container\">\n\t\t\t\t\t<h2 class=\"elementor-heading-title elementor-size-default\">2.\tUk\u0142ad taneczny do piosenki Alvaro Soler \u2013 \u201eLa Cintura\u201d<\/h2>\t\t\t\t<\/div>\n\t\t\t\t<\/div>\n\t\t\t\t<div class=\"elementor-element elementor-element-646ef07 elementor-align-center elementor-widget elementor-widget-button\" data-id=\"646ef07\" data-element_type=\"widget\" data-e-type=\"widget\" data-widget_type=\"button.default\">\n\t\t\t\t<div class=\"elementor-widget-container\">\n\t\t\t\t\t<div class=\"wolf-core-button-container wolf-core-element\"><a target=\"_parent\" href=\"https:\/\/www.facebook.com\/razdwatrzyrytmika\/videos\/3262319460717549\" role=\"button\" class=\"wolf-core-button wolf-core-button-size-sm default wolf-core-button-shape-standard\" id=\"\"\n\t\t\tstyle=\"\"\n\t\t><span class=\"wolf-core-button-text\">Sprawd\u017a <\/span><\/a><\/div><!-- .wolf-core-button-container -->\t\t\t\t<\/div>\n\t\t\t\t<\/div>\n\t\t\t\t\t<\/div>\n\t\t<\/div>\n\t\t\t\t<div class=\"elementor-column elementor-col-25 elementor-top-column elementor-element elementor-element-1b4fb5f\" data-id=\"1b4fb5f\" data-element_type=\"column\" data-e-type=\"column\">\n\t\t\t<div class=\"elementor-widget-wrap elementor-element-populated\">\n\t\t\t\t\t\t<div class=\"elementor-element elementor-element-5429ccd elementor-widget elementor-widget-heading\" data-id=\"5429ccd\" data-element_type=\"widget\" data-e-type=\"widget\" data-widget_type=\"heading.default\">\n\t\t\t\t<div class=\"elementor-widget-container\">\n\t\t\t\t\t<h2 class=\"elementor-heading-title elementor-size-default\">3.\tZabawa rytmiczna z kubeczkiem \u201eKla\u015bnij podaj kubek\u201d (cover piosenki \u201eObwisana\u201d)<\/h2>\t\t\t\t<\/div>\n\t\t\t\t<\/div>\n\t\t\t\t<div class=\"elementor-element elementor-element-9f007fa elementor-align-center elementor-widget elementor-widget-button\" data-id=\"9f007fa\" data-element_type=\"widget\" data-e-type=\"widget\" data-widget_type=\"button.default\">\n\t\t\t\t<div class=\"elementor-widget-container\">\n\t\t\t\t\t<div class=\"wolf-core-button-container wolf-core-element\"><a target=\"_parent\" href=\"https:\/\/www.youtube.com\/watch?v=1cwb_h7sWCU\" role=\"button\" class=\"wolf-core-button wolf-core-button-size-sm default wolf-core-button-shape-standard\" id=\"\"\n\t\t\tstyle=\"\"\n\t\t><span class=\"wolf-core-button-text\">Sprawd\u017a <\/span><\/a><\/div><!-- .wolf-core-button-container -->\t\t\t\t<\/div>\n\t\t\t\t<\/div>\n\t\t\t\t\t<\/div>\n\t\t<\/div>\n\t\t\t\t<div class=\"elementor-column elementor-col-25 elementor-top-column elementor-element elementor-element-54f7a92\" data-id=\"54f7a92\" data-element_type=\"column\" data-e-type=\"column\">\n\t\t\t<div class=\"elementor-widget-wrap elementor-element-populated\">\n\t\t\t\t\t\t<div class=\"elementor-element elementor-element-ee5ffbb elementor-widget elementor-widget-heading\" data-id=\"ee5ffbb\" data-element_type=\"widget\" data-e-type=\"widget\" data-widget_type=\"heading.default\">\n\t\t\t\t<div class=\"elementor-widget-container\">\n\t\t\t\t\t<h2 class=\"elementor-heading-title elementor-size-default\">4.\tZabawa do piosenki \u201eKredki\u201d<\/h2>\t\t\t\t<\/div>\n\t\t\t\t<\/div>\n\t\t\t\t<div class=\"elementor-element elementor-element-16c11d5 elementor-align-center elementor-widget elementor-widget-button\" data-id=\"16c11d5\" data-element_type=\"widget\" data-e-type=\"widget\" data-widget_type=\"button.default\">\n\t\t\t\t<div class=\"elementor-widget-container\">\n\t\t\t\t\t<div class=\"wolf-core-button-container wolf-core-element\"><a target=\"_parent\" href=\"https:\/\/www.facebook.com\/watch\/?v=593896648474012\" role=\"button\" class=\"wolf-core-button wolf-core-button-size-sm default wolf-core-button-shape-standard\" id=\"\"\n\t\t\tstyle=\"\"\n\t\t><span class=\"wolf-core-button-text\">Sprawd\u017a <\/span><\/a><\/div><!-- .wolf-core-button-container -->\t\t\t\t<\/div>\n\t\t\t\t<\/div>\n\t\t\t\t\t<\/div>\n\t\t<\/div>\n\t\t\t\t\t<\/div>\n\t\t<\/section>\n\t\t\t\t<section class=\"wolf-core-elementor-row wolf-core-font-  elementor-section elementor-top-section elementor-element elementor-element-4f3a2d7 elementor-section-boxed elementor-section-height-default elementor-section-height-default wolf-core-row-parallax-no\" data-font-skin=\"\" data-color-tone=\"\" data-id=\"4f3a2d7\" data-element_type=\"section\" data-e-type=\"section\" data-settings=\"{&quot;background_background&quot;:&quot;classic&quot;}\">\n\t\t\t\t\t\t<div class=\"elementor-container elementor-column-gap-default\">\n\t\t\t\t\t<div class=\"elementor-column elementor-col-25 elementor-top-column elementor-element elementor-element-b7954c3\" data-id=\"b7954c3\" data-element_type=\"column\" data-e-type=\"column\">\n\t\t\t<div class=\"elementor-widget-wrap elementor-element-populated\">\n\t\t\t\t\t\t<div class=\"elementor-element elementor-element-6277c73 elementor-widget elementor-widget-heading\" data-id=\"6277c73\" data-element_type=\"widget\" data-e-type=\"widget\" data-widget_type=\"heading.default\">\n\t\t\t\t<div class=\"elementor-widget-container\">\n\t\t\t\t\t<h2 class=\"elementor-heading-title elementor-size-default\">5.\tGesty do piosenki \u201eTak bardzo kocham Ci\u0119\u201d <\/h2>\t\t\t\t<\/div>\n\t\t\t\t<\/div>\n\t\t\t\t<div class=\"elementor-element elementor-element-88695ab elementor-align-center elementor-widget elementor-widget-button\" data-id=\"88695ab\" data-element_type=\"widget\" data-e-type=\"widget\" data-widget_type=\"button.default\">\n\t\t\t\t<div class=\"elementor-widget-container\">\n\t\t\t\t\t<div class=\"wolf-core-button-container wolf-core-element\"><a target=\"_parent\" href=\"https:\/\/www.facebook.com\/razdwatrzyrytmika\/videos\/550511380033048\" role=\"button\" class=\"wolf-core-button wolf-core-button-size-sm default wolf-core-button-shape-standard\" id=\"\"\n\t\t\tstyle=\"\"\n\t\t><span class=\"wolf-core-button-text\">Sprawd\u017a <\/span><\/a><\/div><!-- .wolf-core-button-container -->\t\t\t\t<\/div>\n\t\t\t\t<\/div>\n\t\t\t\t\t<\/div>\n\t\t<\/div>\n\t\t\t\t<div class=\"elementor-column elementor-col-25 elementor-top-column elementor-element elementor-element-c6cc8a5\" data-id=\"c6cc8a5\" data-element_type=\"column\" data-e-type=\"column\">\n\t\t\t<div class=\"elementor-widget-wrap elementor-element-populated\">\n\t\t\t\t\t\t<div class=\"elementor-element elementor-element-c0b89f1 elementor-widget elementor-widget-heading\" data-id=\"c0b89f1\" data-element_type=\"widget\" data-e-type=\"widget\" data-widget_type=\"heading.default\">\n\t\t\t\t<div class=\"elementor-widget-container\">\n\t\t\t\t\t<h2 class=\"elementor-heading-title elementor-size-default\">6.\tGesty do piosenki \u201eZ moim tat\u0105\u201d<\/h2>\t\t\t\t<\/div>\n\t\t\t\t<\/div>\n\t\t\t\t<div class=\"elementor-element elementor-element-fd38f81 elementor-align-center elementor-widget elementor-widget-button\" data-id=\"fd38f81\" data-element_type=\"widget\" data-e-type=\"widget\" data-widget_type=\"button.default\">\n\t\t\t\t<div class=\"elementor-widget-container\">\n\t\t\t\t\t<div class=\"wolf-core-button-container wolf-core-element\"><a target=\"_parent\" href=\"https:\/\/www.facebook.com\/watch\/?v=1626909154334913\" role=\"button\" class=\"wolf-core-button wolf-core-button-size-sm default wolf-core-button-shape-standard\" id=\"\"\n\t\t\tstyle=\"\"\n\t\t><span class=\"wolf-core-button-text\">Sprawd\u017a <\/span><\/a><\/div><!-- .wolf-core-button-container -->\t\t\t\t<\/div>\n\t\t\t\t<\/div>\n\t\t\t\t\t<\/div>\n\t\t<\/div>\n\t\t\t\t<div class=\"elementor-column elementor-col-25 elementor-top-column elementor-element elementor-element-0b88c3b\" data-id=\"0b88c3b\" data-element_type=\"column\" data-e-type=\"column\">\n\t\t\t<div class=\"elementor-widget-wrap elementor-element-populated\">\n\t\t\t\t\t\t<div class=\"elementor-element elementor-element-3468645 elementor-widget elementor-widget-heading\" data-id=\"3468645\" data-element_type=\"widget\" data-e-type=\"widget\" data-widget_type=\"heading.default\">\n\t\t\t\t<div class=\"elementor-widget-container\">\n\t\t\t\t\t<h2 class=\"elementor-heading-title elementor-size-default\">7.\tGesty do piosenki \u201eZ mym przedszkolem \u017cegnam si\u0119\u201d<\/h2>\t\t\t\t<\/div>\n\t\t\t\t<\/div>\n\t\t\t\t<div class=\"elementor-element elementor-element-86d62f7 elementor-align-center elementor-widget elementor-widget-button\" data-id=\"86d62f7\" data-element_type=\"widget\" data-e-type=\"widget\" data-widget_type=\"button.default\">\n\t\t\t\t<div class=\"elementor-widget-container\">\n\t\t\t\t\t<div class=\"wolf-core-button-container wolf-core-element\"><a target=\"_parent\" href=\"https:\/\/www.facebook.com\/razdwatrzyrytmika\/videos\/585335519250608\" role=\"button\" class=\"wolf-core-button wolf-core-button-size-sm default wolf-core-button-shape-standard\" id=\"\"\n\t\t\tstyle=\"\"\n\t\t><span class=\"wolf-core-button-text\">Sprawd\u017a <\/span><\/a><\/div><!-- .wolf-core-button-container -->\t\t\t\t<\/div>\n\t\t\t\t<\/div>\n\t\t\t\t\t<\/div>\n\t\t<\/div>\n\t\t\t\t<div class=\"elementor-column elementor-col-25 elementor-top-column elementor-element elementor-element-bca8221\" data-id=\"bca8221\" data-element_type=\"column\" data-e-type=\"column\">\n\t\t\t<div class=\"elementor-widget-wrap elementor-element-populated\">\n\t\t\t\t\t\t<div class=\"elementor-element elementor-element-78e76c8 elementor-widget elementor-widget-heading\" data-id=\"78e76c8\" data-element_type=\"widget\" data-e-type=\"widget\" data-widget_type=\"heading.default\">\n\t\t\t\t<div class=\"elementor-widget-container\">\n\t\t\t\t\t<h2 class=\"elementor-heading-title elementor-size-default\">8.\tGesty do piosenki \u201eJab\u0142ka\u201d<\/h2>\t\t\t\t<\/div>\n\t\t\t\t<\/div>\n\t\t\t\t<div class=\"elementor-element elementor-element-148e25a elementor-align-center elementor-widget elementor-widget-button\" data-id=\"148e25a\" data-element_type=\"widget\" data-e-type=\"widget\" data-widget_type=\"button.default\">\n\t\t\t\t<div class=\"elementor-widget-container\">\n\t\t\t\t\t<div class=\"wolf-core-button-container wolf-core-element\"><a target=\"_parent\" href=\"https:\/\/www.facebook.com\/razdwatrzyrytmika\/videos\/1792869744380083\" role=\"button\" class=\"wolf-core-button wolf-core-button-size-sm default wolf-core-button-shape-standard\" id=\"\"\n\t\t\tstyle=\"\"\n\t\t><span class=\"wolf-core-button-text\">Sprawd\u017a <\/span><\/a><\/div><!-- .wolf-core-button-container -->\t\t\t\t<\/div>\n\t\t\t\t<\/div>\n\t\t\t\t\t<\/div>\n\t\t<\/div>\n\t\t\t\t\t<\/div>\n\t\t<\/section>\n\t\t\t\t<section class=\"wolf-core-elementor-row wolf-core-font-  elementor-section elementor-top-section elementor-element elementor-element-c6f923e elementor-section-boxed elementor-section-height-default elementor-section-height-default wolf-core-row-parallax-no\" data-font-skin=\"\" data-color-tone=\"\" data-id=\"c6f923e\" data-element_type=\"section\" data-e-type=\"section\" data-settings=\"{&quot;background_background&quot;:&quot;classic&quot;}\">\n\t\t\t\t\t\t<div class=\"elementor-container elementor-column-gap-default\">\n\t\t\t\t\t<div class=\"elementor-column elementor-col-50 elementor-top-column elementor-element elementor-element-2ef3d06\" data-id=\"2ef3d06\" data-element_type=\"column\" data-e-type=\"column\">\n\t\t\t<div class=\"elementor-widget-wrap elementor-element-populated\">\n\t\t\t\t\t\t<div class=\"elementor-element elementor-element-55dd4d7 elementor-widget elementor-widget-heading\" data-id=\"55dd4d7\" data-element_type=\"widget\" data-e-type=\"widget\" data-widget_type=\"heading.default\">\n\t\t\t\t<div class=\"elementor-widget-container\">\n\t\t\t\t\t<h2 class=\"elementor-heading-title elementor-size-default\">9.\tGesty do piosenki \u201eSkacz\u0105 ma\u0142e n\u00f3\u017cki\u201d<\/h2>\t\t\t\t<\/div>\n\t\t\t\t<\/div>\n\t\t\t\t<div class=\"elementor-element elementor-element-7993640 elementor-align-center elementor-widget elementor-widget-button\" data-id=\"7993640\" data-element_type=\"widget\" data-e-type=\"widget\" data-widget_type=\"button.default\">\n\t\t\t\t<div class=\"elementor-widget-container\">\n\t\t\t\t\t<div class=\"wolf-core-button-container wolf-core-element\"><a target=\"_parent\" href=\"https:\/\/fb.watch\/jJEbKrtfyz\/\" role=\"button\" class=\"wolf-core-button wolf-core-button-size-sm default wolf-core-button-shape-standard\" id=\"\"\n\t\t\tstyle=\"\"\n\t\t><span class=\"wolf-core-button-text\">Sprawd\u017a <\/span><\/a><\/div><!-- .wolf-core-button-container -->\t\t\t\t<\/div>\n\t\t\t\t<\/div>\n\t\t\t\t\t<\/div>\n\t\t<\/div>\n\t\t\t\t<div class=\"elementor-column elementor-col-50 elementor-top-column elementor-element elementor-element-0fbccc4\" data-id=\"0fbccc4\" data-element_type=\"column\" data-e-type=\"column\">\n\t\t\t<div class=\"elementor-widget-wrap elementor-element-populated\">\n\t\t\t\t\t\t<div class=\"elementor-element elementor-element-005ce8e elementor-widget elementor-widget-heading\" data-id=\"005ce8e\" data-element_type=\"widget\" data-e-type=\"widget\" data-widget_type=\"heading.default\">\n\t\t\t\t<div class=\"elementor-widget-container\">\n\t\t\t\t\t<h2 class=\"elementor-heading-title elementor-size-default\">10.\tPropozycja do piosenki \u201eDzie\u0144 Edukacji Narodowej\u201d<\/h2>\t\t\t\t<\/div>\n\t\t\t\t<\/div>\n\t\t\t\t<div class=\"elementor-element elementor-element-1134313 elementor-align-center elementor-widget elementor-widget-button\" data-id=\"1134313\" data-element_type=\"widget\" data-e-type=\"widget\" data-widget_type=\"button.default\">\n\t\t\t\t<div class=\"elementor-widget-container\">\n\t\t\t\t\t<div class=\"wolf-core-button-container wolf-core-element\"><a target=\"_parent\" href=\"https:\/\/fb.watch\/jJEgHTA8CU\/\" role=\"button\" class=\"wolf-core-button wolf-core-button-size-sm default wolf-core-button-shape-standard\" id=\"\"\n\t\t\tstyle=\"\"\n\t\t><span class=\"wolf-core-button-text\">Sprawd\u017a <\/span><\/a><\/div><!-- .wolf-core-button-container -->\t\t\t\t<\/div>\n\t\t\t\t<\/div>\n\t\t\t\t\t<\/div>\n\t\t<\/div>\n\t\t\t\t\t<\/div>\n\t\t<\/section>\n\t\t\t\t<\/div>","protected":false},"excerpt":{"rendered":"<p>Wideo Wideo Moje propozycje gest\u00f3w do piosenek oraz ta\u0144cy. 1. Uk\u0142ad taneczny do piosenki Alvaro Soler \u2013 \u201eYo Contigo, T\u00fa Conmigo\u201d Sprawd\u017a 2. Uk\u0142ad taneczny do piosenki Alvaro Soler \u2013 \u201eLa Cintura\u201d Sprawd\u017a 3. Zabawa rytmiczna z kubeczkiem \u201eKla\u015bnij podaj kubek\u201d (cover piosenki \u201eObwisana\u201d) Sprawd\u017a 4. Zabawa do piosenki \u201eKredki\u201d Sprawd\u017a 5. Gesty do piosenki&#8230;<\/p>\n<p><a rel=\"bookmark\" class=\"theme-button-text wolf-core-button wolf-core-button-size-sm\" href=\"https:\/\/razdwatrzyrytmika.pl\/en\/wideo\/\"><span>Continue reading<\/span><\/a><\/p>","protected":false},"author":1,"featured_media":0,"parent":0,"menu_order":0,"comment_status":"closed","ping_status":"closed","template":"","meta":{"footnotes":""},"class_list":{"0":"post-9090","1":"page","2":"type-page","3":"status-publish","4":"hentry","5":"entry","6":"clearfix","7":"entry-grid","8":"entry-columns-default","9":"entry-page-module-layout-standard","10":"is-youtube","11":"no-post-thumbnail","12":"entry-page","14":"entry-page-grid"},"_links":{"self":[{"href":"https:\/\/razdwatrzyrytmika.pl\/en\/wp-json\/wp\/v2\/pages\/9090","targetHints":{"allow":["GET"]}}],"collection":[{"href":"https:\/\/razdwatrzyrytmika.pl\/en\/wp-json\/wp\/v2\/pages"}],"about":[{"href":"https:\/\/razdwatrzyrytmika.pl\/en\/wp-json\/wp\/v2\/types\/page"}],"author":[{"embeddable":true,"href":"https:\/\/razdwatrzyrytmika.pl\/en\/wp-json\/wp\/v2\/users\/1"}],"replies":[{"embeddable":true,"href":"https:\/\/razdwatrzyrytmika.pl\/en\/wp-json\/wp\/v2\/comments?post=9090"}],"version-history":[{"count":0,"href":"https:\/\/razdwatrzyrytmika.pl\/en\/wp-json\/wp\/v2\/pages\/9090\/revisions"}],"wp:attachment":[{"href":"https:\/\/razdwatrzyrytmika.pl\/en\/wp-json\/wp\/v2\/media?parent=9090"}],"curies":[{"name":"wp","href":"https:\/\/api.w.org\/{rel}","templated":true}]}}