{"id":13339,"date":"2022-02-15T14:13:18","date_gmt":"2022-02-15T14:13:18","guid":{"rendered":"https:\/\/stage.wolfthemes.live\/effigy\/?page_id=13339"},"modified":"2024-02-02T22:06:39","modified_gmt":"2024-02-02T21:06:39","slug":"polityka-prywatnosci","status":"publish","type":"page","link":"https:\/\/razdwatrzyrytmika.pl\/en\/polityka-prywatnosci\/","title":{"rendered":"POLITYKA PRYWATNO\u015aCI"},"content":{"rendered":"<p style=\"text-align: center;\">POLITYKA PRYWATNO\u015aCI<br \/>\nDefinicje<br \/>\nDane osobowe \u2013 wszelkie informacje o zidentyfikowanej lub mo\u017cliwej do zidentyfikowania osobie fizycznej (\u201eosoba, kt\u00f3rej dane dotycz\u0105\u201d); mo\u017cliwa do zidentyfikowania osoba fizyczna to osoba, kt\u00f3r\u0105 mo\u017cna bezpo\u015brednio lub po\u015brednio zidentyfikowa\u0107, w szczeg\u00f3lno\u015bci na podstawie identyfikatora takiego jak imi\u0119 i nazwisko, numer identyfikacyjny, dane lokalizacyjne, identyfikator internetowy.<br \/>\nPrzetwarzanie \u2013 operacja lub zestaw operacji wykonywanych na danych osobowych lub zestawach danych osobowych w spos\u00f3b zautomatyzowany lub niezautomatyzowany, takie jak zbieranie, rejestrowanie, organizowanie, strukturyzowanie, przechowywanie, adaptowanie lub modyfikowanie, pobieranie, przegl\u0105danie, wykorzystywanie, ujawnianie poprzez przes\u0142anie, rozpowszechnianie lub innego rodzaju udost\u0119pnianie, dopasowywanie lub \u0142\u0105czenie, ograniczanie, usuwanie lub niszczenie.<br \/>\nAdministrator danych \u2013 osoba fizyczna, osoba prawna, jednostka organizacyjna bez osobowo\u015bci prawnej, kt\u00f3ra samodzielnie lub wsp\u00f3lnie z innymi decyduje o celach i sposobach przetwarzania danych osobowych. Administratorem danych dla serwisu jest RAZ, DWA, TRZY RYTMIKA ANNA SZEWCZYK, Nowe Racibory, ul. Zielona 30, 05-555 Tarczyn, NIP: 6581887047.<br \/>\nRODO \u2013 Rozporz\u0105dzenie Parlamentu Europejskiego i Rady (UE) 2016\/679 z dnia 27 kwietnia 2016 r. w sprawie ochrony os\u00f3b fizycznych w zwi\u0105zku z przetwarzaniem danych osobowych oraz w sprawie swobodnego przep\u0142ywu takich danych i uchylenia dyrektywy 95\/46\/WE.<br \/>\n1.<br \/>\nOperator serwisu i administrator<br \/>\nOperatorem serwisu www.razdwatrzyrytmika.pl, zwanego dalej \u201eSerwisem\u201d i administratorem danych osobowych jest przedsi\u0119biorstwo RAZ, DWA, TRZY RYTMIKA ANNA SZEWCZYK, Nowe Racibory, ul. Zielona 30, 05-555 Tarczyn, NIP: 6581887047 odpowiedzialne za zarz\u0105dzanie Portalem, wsparcie techniczne Portalu oraz dystrybucj\u0119 zam\u00f3wie\u0144 z\u0142o\u017conych przez U\u017cytkownik\u00f3w za po\u015brednictwem Portalu. U\u017cytkownicy serwisu mog\u0105 skontaktowa\u0107 si\u0119 z administratorem pod adresem email kontakt@razdwatrzyrytmika.pl, lub listownie pod adresem wskazanym powy\u017cej.<br \/>\n2.<br \/>\nZakres i cel przetwarzania<br \/>\nAdministrator przetwarza dane osobowe u\u017cytkownik\u00f3w Serwisu, kt\u00f3re s\u0105 zbierane podczas korzystania z Serwisu, w tym podczas rejestracji konta, sk\u0142adania zam\u00f3wie\u0144 oraz w ramach korzystania z formularzy kontaktowych.<br \/>\nGromadzone s\u0105 dane niezb\u0119dne podczas korzystania ze Strony, takie jak:<br \/>\na) do zalogowania si\u0119 w na konto:<br \/>\nimi\u0119 i nazwisko<br \/>\nadres e-mail<br \/>\nb )do dokonywania zakup\u00f3w w sklepie:<br \/>\nimi\u0119 i nazwisko<br \/>\nadres dostawy<br \/>\nnumer telefonu<br \/>\nadres e-mail<br \/>\nc) dane podawane przez U\u017cytkownika opcjonalnie:<br \/>\ndata urodzenia<br \/>\nNIP (w przypadku \u017c\u0105dania wystawienia faktury zg\u0142oszonego przez przedsi\u0119biorc\u0119)<br \/>\nd) w przypadku zwrotu towaru lub uznania reklamacji:<br \/>\nnumer rachunku w celu dokonania zwrotu nale\u017cno\u015bci.<br \/>\nPrzetwarzamy tylko takie dane, kt\u00f3re oznaczone s\u0105 w formularzach zamieszczonych na stronie internetowej lub kt\u00f3re s\u0105 podawane nam w wiadomo\u015bci mailowej. Podane dane b\u0119dziemy przetwarza\u0107 wy\u0142\u0105cznie w celu wynikaj\u0105cym z funkcji przypisanej do formularza zamieszczonego na stronie internetowej, przyk\u0142adowo w celu nawi\u0105zania kontaktu z administratorem, otrzymania oferty, a wi\u0119c w celu:<br \/>\na)<br \/>\nwynikaj\u0105cym z prawnie uzasadnionych interes\u00f3w realizowanych przez Administratora. Dane w tych celach przetwarzane b\u0119d\u0105 na podstawie art. 6 ust. 1 lit. f) Rozporz\u0105dzenie Parlamentu Europejskiego i Rady (UE) 2016\/679 z dnia 27 kwietnia 2016 r. w sprawie ochrony os\u00f3b fizycznych w zwi\u0105zku z przetwarzaniem danych osobowych i w sprawie swobodnego przep\u0142ywu takich danych oraz uchylenia dyrektywy 95\/46\/WE (og\u00f3lne rozporz\u0105dzenie o ochronie danych) z dnia 27 kwietnia 2016 r. (Dz.Urz.UE.L Nr 119, str. 1). dalej RODO. Ta podstawa przetwarzania obejmuje mi\u0119dzy innymi konieczno\u015b\u0107 zapewnienia bezpiecze\u0144stwa us\u0142ugi serwisu, dokonanie pomiar\u00f3w statystycznych, ulepszania naszych us\u0142ug i dopasowania ich do potrzeb i wygody u\u017cytkownik\u00f3w (np. personalizowanie tre\u015bci w serwisie) jak r\u00f3wnie\u017c prowadzenie marketingu i promocji w\u0142asnych produkt\u00f3w i us\u0142ug Administratora.<br \/>\nb)<br \/>\nzawarcia lub wykonania umowy, kt\u00f3rej jeste\u015b stron\u0105 na podstawie art. 6 ust. 1 lit. b) RODO. Umowa to, w naszym przypadku, regulamin us\u0142ugi serwisu. Je\u015bli zatem w przypadku, gdy zak\u0142adasz u nas konto u\u017cytkownika, to umowa o dostarczenie tego konta upowa\u017cnia nas do przetwarzania danych niezb\u0119dnych do jego zapewnienia. Bez tej mo\u017cliwo\u015bci nie byliby\u015bmy w stanie zapewni\u0107 Ci us\u0142ugi, a Ty nie m\u00f3g\u0142by\u015b z niej korzysta\u0107.<br \/>\n3.<br \/>\nOdbiorcy danych, transfer danych do pa\u0144stw trzecich lub organizacji mi\u0119dzynarodowych.<br \/>\nTwoje dane mog\u0105 by\u0107 przekazane przez administratora jedynie: upowa\u017cnionym pracownikom administratora, podmiotom zewn\u0119trznym \u015bwiadcz\u0105cym na rzecz administratora us\u0142ugi informatyczne, hostingowi lub podmiotom \u015bwiadcz\u0105cym inne us\u0142ugi zwi\u0105zane z obs\u0142ug\u0105 rynku w\u0142a\u015bciwego dla sprzedawanych przez administratora produkt\u00f3w a tak\u017ce organom administracji publicznej. Administrator nie przekazuje danych osobowych poza Europejski Obszar Gospodarczy lub do organizacji mi\u0119dzynarodowych, za wyj\u0105tkiem korzystania z narz\u0119dzi analitycznych i marketingowych od dostawc\u00f3w, kt\u00f3rzy mog\u0105 przetwarza\u0107 dane w USA (np. Google Analytics, Google AdSense), zgodnie z przepisami RODO i zabezpieczeniami, takimi jak standardowe klauzule umowne.<br \/>\n4.<br \/>\nDobrowolny charakter przekazania danych osobowych<br \/>\nPodanie przez Ciebie danych osobowych jest dobrowolne. Nie masz obowi\u0105zku ustawowego ani umownego przekazywania nam swoich danych, natomiast brak ich podania uniemo\u017cliwi nam udzielenie odpowiedzi na Twoje zapytanie.<br \/>\n5.<br \/>\nOkres przetwarzania<br \/>\nTwoje dane b\u0119d\u0105 przetwarzane:<br \/>\na) w celu odpowiedzi na Twoje zapytanie \u2013 do czasu zrealizowania Twojego zapytania,<br \/>\nb) w celu ewentualnego ustalenia, dochodzenia lub obrony przed roszczeniami \u2013 do czasu<br \/>\nprzedawnienia wszelkich roszcze\u0144.<br \/>\n6.<br \/>\nPliki Cookies<br \/>\nSerwis korzysta z plik\u00f3w cookies.<br \/>\nNa naszych stronach internetowych u\u017cywamy technologii, takich jak pliki cookie i podobnych s\u0142u\u017c\u0105cych do zbierania i przetwarzania danych eksploatacyjnych w celu personalizowania udost\u0119pnianych tre\u015bci oraz analizowania ruchu na naszych stronach. Podmiotem zamieszczaj\u0105cym na urz\u0105dzeniu ko\u0144cowym u\u017cytkownika Serwisu pliki cookies oraz uzyskuj\u0105cym do nich dost\u0119p jest operator Serwisu. Pliki cookies wykorzystywane s\u0105 w nast\u0119puj\u0105cych celach:<br \/>\na) tworzenia statystyk, kt\u00f3re pomagaj\u0105 zrozumie\u0107, w jaki spos\u00f3b u\u017cytkownicy Serwisu korzystaj\u0105 ze stron internetowych, co umo\u017cliwia ulepszanie ich struktury i zawarto\u015bci,<br \/>\nb) uatrakcyjnienia naszej strony internetowej oraz umo\u017cliwienia korzystanie z okre\u015blonych funkcji w celu wy\u015bwietlenia odpowiednich produkt\u00f3w lub do cel\u00f3w bada\u0144 rynkowych,<br \/>\nc) rozpoznania urz\u0105dzenia u\u017cytkownika Serwisu w celu wy\u015bwietlania mu strony internetowej<br \/>\ndopasowanej do indywidualnych potrzeb i preferencji.<br \/>\nW ramach Serwisu stosowane s\u0105 dwa zasadnicze rodzaje plik\u00f3w cookies: \u201esesyjne\u201d (session cookies) oraz \u201esta\u0142e\u201d (persistent cookies). Cookies \u201esesyjne\u201d s\u0105 plikami tymczasowymi, kt\u00f3re przechowywane s\u0105 w urz\u0105dzeniu ko\u0144cowym u\u017cytkownika Serwisu do czasu wylogowania, opuszczenia strony internetowej lub wy\u0142\u0105czenia oprogramowania (przegl\u0105darki<br \/>\ninternetowej). \u201eSta\u0142e\u201d pliki Cookies przechowywane s\u0105 w urz\u0105dzeniu ko\u0144cowym u\u017cytkownika Serwisu przez czas okre\u015blony w parametrach plik\u00f3w cookies lub do czasu ich usuni\u0119cia przez u\u017cytkownika Serwisu. U\u017cytkownicy Serwisu mog\u0105 skonfigurowa\u0107 przegl\u0105dark\u0119 w taki spos\u00f3b, aby otrzymywa\u0107 informacj\u0119 o stosowaniu plik\u00f3w cookies i mie\u0107 mo\u017cliwo\u015b\u0107 decydowania o ich akceptacji lub odrzuceniu w okre\u015blonych przypadkach lub ca\u0142kowicie. Przegl\u0105darka internetowa umo\u017cliwia usuni\u0119cie plik\u00f3w cookies. Mo\u017cliwe jest tak\u017ce automatyczne blokowanie plik\u00f3w cookies.<br \/>\n7.<br \/>\nLogi serwera<br \/>\nInformacje o niekt\u00f3rych zachowaniach u\u017cytkownik\u00f3w Serwisu podlegaj\u0105 logowaniu w warstwie serwerowej. Dane te s\u0105 wykorzystywane wy\u0142\u0105cznie w celu administrowania serwisem oraz w celu zapewnienia jak najbardziej sprawnej obs\u0142ugi \u015bwiadczonych us\u0142ug hostingowych.<br \/>\nPrzegl\u0105dane zasoby identyfikowane s\u0105 poprzez adresy URL. Ponadto zapisowi mog\u0105 podlega\u0107:<br \/>\na) czas nadej\u015bcia zapytania,<br \/>\nb) czas wys\u0142ania odpowiedzi,<br \/>\nc) nazw\u0119 stacji klienta \u2013 identyfikacja realizowana przez protok\u00f3\u0142 HTTP,<br \/>\nd) informacje o b\u0142\u0119dach jakie nast\u0105pi\u0142y przy realizacji transakcji HTTP,<br \/>\ne) adres URL strony poprzednio odwiedzanej przez u\u017cytkownika Serwisu (referer link) \u2013 w<br \/>\nprzypadku, gdy przej\u015bcie do Serwisu nast\u0105pi\u0142o przez odno\u015bnik,<br \/>\nf) informacje o przegl\u0105darce u\u017cytkownika Serwisu.<br \/>\nDane powy\u017csze nie s\u0105 kojarzone z konkretnymi osobami przegl\u0105daj\u0105cymi strony.<br \/>\nDane powy\u017csze s\u0105 wykorzystywane jedynie dla cel\u00f3w administrowania serwerem.<br \/>\n8.<br \/>\nUs\u0142ugi hostingowe<br \/>\nPodmiot zewn\u0119trzny \u015bwiadczy na nasz\u0105 rzecz us\u0142ugi w zakresie hostingu i prezentacji stron<br \/>\ninternetowych \u2013 na podstawie powierzenia temu podmiotowi przetwarzania danych osobowych. Dane zgromadzone w ramach korzystania z naszej strony internetowej (w szczeg\u00f3lno\u015bci dane przekazane za pomoc\u0105 formularzy zamieszczonych na naszej stronie internetowej) przechowywane s\u0105 na serwerach nale\u017c\u0105cych do tego podmiotu, wy\u0142\u0105cznie w zakresie wynikaj\u0105cym z niniejszej polityki prywatno\u015bci. Wskazany podmiot zewn\u0119trzny ma siedzib\u0119 na terenie Unii Europejskiej.<br \/>\n9.<br \/>\nTwoje prawa<br \/>\nW dowolnym momencie mo\u017cesz uzyska\u0107 bezp\u0142atn\u0105 informacj\u0119 dotycz\u0105c\u0105 Twoich danych osobowych, kt\u00f3re przetwarzamy. W ka\u017cdej chwili mo\u017cesz domaga\u0107 si\u0119 od nas dost\u0119pu do swoich danych i otrzymania ich kopii, ich sprostowania, usuni\u0119cia, ograniczenia przetwarzania, a tak\u017ce \u2013 w przypadku gdy przetwarzanie odbywa si\u0119 w spos\u00f3b zautomatyzowany &#8211; przeniesienia danych. W ka\u017cdej chwili przys\u0142uguje Ci r\u00f3wnie\u017c prawo sprzeciwu wobec przetwarzania przez nas Twoich danych osobowych w oparciu o nasz<br \/>\nuzasadniony interes. Je\u017celi przetwarzamy Twoje mo\u017cesz wnie\u015b\u0107 w ka\u017cdym czasie sprzeciw, ale z przyczyn zwi\u0105zanych z Twoj\u0105 szczeg\u00f3ln\u0105 sytuacj\u0105. W przypadku wniesienia przez Ciebie sprzeciwu nie b\u0119dziemy dalej przetwarza\u0107 Twoich danych, chyba \u017ce b\u0119dziemy w stanie wykaza\u0107, \u017ce w stosunku do Twoich danych istniej\u0105 dla nas wa\u017cne, prawnie uzasadnione podstawy, kt\u00f3re s\u0105 nadrz\u0119dne wobec Twoich interes\u00f3w, praw i wolno\u015bci lub dane te b\u0119d\u0105 nam niezb\u0119dne do ewentualnego ustalenia, dochodzenia lub obrony roszcze\u0144. Mo\u017cesz r\u00f3wnie\u017c w ka\u017cdej chwili z\u0142o\u017cy\u0107 skarg\u0119 do organu nadzorczego.<br \/>\n10.<br \/>\nDost\u0119pno\u015b\u0107 tre\u015bci i aktualizacje<br \/>\nNasza Polityka Prywatno\u015bci jest dost\u0119pna na stronie Serwisu i jest regularnie aktualizowana w celu odzwierciedlenia zmian w przepisach prawnych lub naszych praktykach przetwarzania danych. Zalecamy regularne sprawdzanie Polityki Prywatno\u015bci, aby by\u0107 na bie\u017c\u0105co z naszymi praktykami dotycz\u0105cymi ochrony danych.<br \/>\n11.<br \/>\nMonitorowanie zachowa\u0144 u\u017cytkownik\u00f3w<br \/>\nAby dostosowa\u0107 nasz\u0105 stron\u0119 internetow\u0105 do potrzeb u\u017cytkownik\u00f3w, mo\u017cemy korzysta\u0107 z narz\u0119dzi monitorowania, takich jak Google Analytics. Te narz\u0119dzia pozwalaj\u0105 nam analizowa\u0107 zachowanie u\u017cytkownik\u00f3w na naszej stronie, ale nie identyfikuj\u0105 osobowo\u015bci u\u017cytkownik\u00f3w. Dane te s\u0105 wykorzystywane wy\u0142\u0105cznie do cel\u00f3w statystycznych i doskonalenia jako\u015bci naszej us\u0142ugi. Serwis wykorzystuje pliki cookies do cel\u00f3w analitycznych, reklamowych i w celu dostosowania tre\u015bci do preferencji U\u017cytkownika. U\u017cytkownik ma mo\u017cliwo\u015b\u0107 samodzielnego zarz\u0105dzania cookies, w tym ich blokowania lub usuwania, poprzez zmian\u0119 ustawie\u0144 przegl\u0105darki internetowej.<br \/>\n12.<br \/>\nZmiany w Polityce Prywatno\u015bci<br \/>\nZastrzegamy sobie prawo do wprowadzania zmian w naszej Polityce Prywatno\u015bci w dowolnym czasie. Wszelkie zmiany zostan\u0105 opublikowane na naszej stronie internetowej, a data ostatniej aktualizacji zostanie uwzgl\u0119dniona na g\u00f3rze dokumentu. Kontynuuj\u0105c korzystanie z naszego Serwisu po wprowadzeniu zmian, wyra\u017casz zgod\u0119 na nowe postanowienia Polityki Prywatno\u015bci.<br \/>\n13.<br \/>\nPrzekazywanie informacji o naruszeniach danych<br \/>\nW przypadku naruszenia danych osobowych, kt\u00f3re mog\u0105 narazi\u0107 Twoj\u0105 prywatno\u015b\u0107, zobowi\u0105zujemy si\u0119 poinformowa\u0107 Ci\u0119 o tym fakcie w spos\u00f3b zrozumia\u0142y i w mo\u017cliwie najszybszym terminie, zgodnie z obowi\u0105zuj\u0105cymi przepisami.<br \/>\n14.<br \/>\nUprawnienia U\u017cytkownik\u00f3w<br \/>\nU\u017cytkownicy maj\u0105 prawo do:<br \/>\na) Dost\u0119pu do swoich danych osobowych przechowywanych przez nas i otrzymania kopii tych danych.<br \/>\nb) Sprostowania swoich danych osobowych, je\u015bli s\u0105 one niepoprawne lub nieaktualne.<br \/>\nc) Usuni\u0119cia swoich danych osobowych, je\u015bli nie ma d\u0142u\u017cej uzasadnionego celu przetwarzania tych danych.<br \/>\nd) Ograniczenia przetwarzania danych osobowych w okre\u015blonych sytuacjach.<br \/>\ne) Przenoszenia swoich danych osobowych do innego operatora us\u0142ug, je\u015bli jest to technicznie mo\u017cliwe.<br \/>\n15. Dane kontaktowe<br \/>\nW sprawach dotycz\u0105cych przetwarzania danych osobowych oraz korzystania z praw zwi\u0105zanych z przetwarzaniem danych, U\u017cytkownicy mog\u0105 kontaktowa\u0107 si\u0119 z Administratorem poprzez e-mail: kontakt@razdwatrzyrytmika.pl lub korzystaj\u0105c z danych kontaktowych podanych na stronie Serwisu.<\/p>\n<p>Pliki do pobrania: <a href=\"https:\/\/razdwatrzyrytmika.pl\/wp-content\/uploads\/2024\/02\/POLITYKA-BEZPIECZENSTWA-DANYCH-SSH.pdf\">POLITYKA-BEZPIECZE\u0143STWA-DANYCH-SSH<\/a><\/p>","protected":false},"excerpt":{"rendered":"<p>POLITYKA PRYWATNO\u015aCI Definicje Dane osobowe \u2013 wszelkie informacje o zidentyfikowanej lub mo\u017cliwej do zidentyfikowania osobie fizycznej (\u201eosoba, kt\u00f3rej dane dotycz\u0105\u201d); mo\u017cliwa do zidentyfikowania osoba fizyczna to osoba, kt\u00f3r\u0105 mo\u017cna bezpo\u015brednio lub po\u015brednio zidentyfikowa\u0107, w szczeg\u00f3lno\u015bci na podstawie identyfikatora takiego jak imi\u0119 i nazwisko, numer identyfikacyjny, dane lokalizacyjne, identyfikator internetowy. Przetwarzanie \u2013 operacja lub zestaw operacji&#8230;<\/p>\n<p><a rel=\"bookmark\" class=\"theme-button-text wolf-core-button wolf-core-button-size-sm\" href=\"https:\/\/razdwatrzyrytmika.pl\/en\/polityka-prywatnosci\/\"><span>Continue reading<\/span><\/a><\/p>","protected":false},"author":1,"featured_media":0,"parent":0,"menu_order":0,"comment_status":"closed","ping_status":"closed","template":"","meta":{"footnotes":""},"class_list":{"0":"post-13339","1":"page","2":"type-page","3":"status-publish","4":"hentry","5":"entry","6":"clearfix","7":"entry-grid","8":"entry-columns-default","9":"entry-page-module-layout-standard","10":"no-post-thumbnail","11":"entry-page","13":"entry-page-grid"},"_links":{"self":[{"href":"https:\/\/razdwatrzyrytmika.pl\/en\/wp-json\/wp\/v2\/pages\/13339","targetHints":{"allow":["GET"]}}],"collection":[{"href":"https:\/\/razdwatrzyrytmika.pl\/en\/wp-json\/wp\/v2\/pages"}],"about":[{"href":"https:\/\/razdwatrzyrytmika.pl\/en\/wp-json\/wp\/v2\/types\/page"}],"author":[{"embeddable":true,"href":"https:\/\/razdwatrzyrytmika.pl\/en\/wp-json\/wp\/v2\/users\/1"}],"replies":[{"embeddable":true,"href":"https:\/\/razdwatrzyrytmika.pl\/en\/wp-json\/wp\/v2\/comments?post=13339"}],"version-history":[{"count":0,"href":"https:\/\/razdwatrzyrytmika.pl\/en\/wp-json\/wp\/v2\/pages\/13339\/revisions"}],"wp:attachment":[{"href":"https:\/\/razdwatrzyrytmika.pl\/en\/wp-json\/wp\/v2\/media?parent=13339"}],"curies":[{"name":"wp","href":"https:\/\/api.w.org\/{rel}","templated":true}]}}